{"id":9779,"date":"2023-12-22T15:28:25","date_gmt":"2023-12-22T15:28:25","guid":{"rendered":"https:\/\/digistar.ma\/?post_type=product&#038;p=9779"},"modified":"2023-12-22T22:32:45","modified_gmt":"2023-12-22T22:32:45","slug":"ordinateur-portable-gaming-hp-victus-16-s0000nk-845n6ea","status":"publish","type":"product","link":"https:\/\/digistar.ma\/?product=ordinateur-portable-gaming-hp-victus-16-s0000nk-845n6ea","title":{"rendered":"Ordinateur portable Gaming HP Victus 16-s0000nk (845N6EA)"},"content":{"rendered":"<h2>Ordinateur portable Gaming HP Victus 16-s0000nk (845N6EA)<\/h2>\n<div class=\"split-module aem-GridColumn aem-GridColumn--default--12\">\n<section class=\"c-split-module m-bg-laptops-type-3\">\n<div class=\"c-default-container\">\n<div class=\"c-split-module__item \">\n<div class=\"c-split-module__image\">\n<div class=\"c-image-container hp-image-9876-cb0e with-ratio\"><img decoding=\"async\" class=\"inner-image\" src=\"https:\/\/ssl-product-images.www8-hp.com\/digmedialib\/prodimg\/lowres\/c08520116.png\" alt=\"23C1 AMD Victus by HP 16.1 inch Gaming Laptop PC 80w PerformanceBlue NT HDCam nonFPR nonODD Win11 Co\" \/><\/div>\n<\/div>\n<div class=\"c-split-module__text\">\n<h3 class=\"h2 c-split-module__title\">Les meilleures composantes de performance dernier cri<\/h3>\n<p class=\"h4 c-split-module__description\">D\u00e9cuple tes skills avec un processeur AMD\u00a0<span class=\"m-text-nowrap\">ultra-puissant<\/span>, une carte graphique de pointe et une m\u00e9moire g\u00e9n\u00e9reuse.<\/p>\n<\/div>\n<\/div>\n<div class=\"c-split-module__item \">\n<div class=\"c-split-module__image\">\n<div class=\"c-image-container hp-image-c0a8-a3ea with-ratio\"><img decoding=\"async\" class=\"inner-image\" src=\"https:\/\/ssl-product-images.www8-hp.com\/digmedialib\/prodimg\/lowres\/c08520084.png\" alt=\"23C1 AMD Victus by HP 16.1 inch Gaming Laptop PC 80w PerformanceBlue NT HDCam nonFPR nonODD Win11 Co\" data-wec-listener-initialized=\"true\" \/><\/div>\n<\/div>\n<div class=\"c-split-module__text\">\n<h3 class=\"h2 c-split-module__title\">Des fonctionnalit\u00e9s d\u2019optimisation pour des performances encore meilleures<\/h3>\n<p class=\"h4 c-split-module__description\">VICTUS by HP permet d\u2019obtenir de meilleures performances encore plus facilement.<\/p>\n<\/div>\n<\/div>\n<div class=\"c-split-module__item \">\n<div class=\"c-split-module__image\">\n<div class=\"c-image-container hp-image-b654-5f5d with-ratio\"><img decoding=\"async\" class=\"inner-image\" src=\"https:\/\/ssl-product-images.www8-hp.com\/digmedialib\/prodimg\/lowres\/c08520054.png\" alt=\"23C1 AMD Victus by HP 16.1 inch Gaming Laptop PC 80w PerformanceBlue NT HDCam nonFPR nonODD Win11 Co\" data-wec-listener-initialized=\"true\" \/><\/div>\n<\/div>\n<div class=\"c-split-module__text\">\n<h3 class=\"h2 c-split-module__title\">Exprime-toi sur un clavier r\u00e9actualis\u00e9<\/h3>\n<p class=\"h4 c-split-module__description\">Pour la premi\u00e8re fois sur un VICTUS by HP, tu peux passer \u00e0 un clavier r\u00e9tro\u00e9clair\u00e9 et exprimer ton meilleur jeu.<\/p>\n<\/div>\n<\/div>\n<\/div>\n<\/section>\n<\/div>\n<div class=\"anchor aem-GridColumn aem-GridColumn--default--12\">\n<div id=\"features\">\n<div>\n<div class=\"column-module\">\n<section class=\"c-column-module m-bg-laptops-type-2\" data-metrics-link-placement=\"catalog:column\">\n<div class=\"c-column-module__title m-bg-laptops\">\n<div class=\"c-default-container\">\n<h3 class=\"h1\">La porte ouverte \u00e0 des performances de jeux maximales, m\u00eame en d\u00e9placement.<\/h3>\n<\/div>\n<\/div>\n<div class=\"c-default-container\">\n<div class=\"c-column-module__content\">\n<div class=\"c-column-module__image\">\n<div class=\"c-image-container hp-image-de6d-f0c0 with-ratio\"><img decoding=\"async\" class=\"inner-image\" src=\"https:\/\/ssl-product-images.www8-hp.com\/digmedialib\/prodimg\/lowres\/c08511099.png\" alt=\"23C1 AMD Victus by HP 16.1 inch Gaming Laptop PC 80w PerformanceBlue nonFPR nonODD CoreSet RearLeft\" data-wec-listener-initialized=\"true\" \/><\/div>\n<\/div>\n<div class=\"c-column-module__features\">\n<div class=\"c-column-module-feature\">\n<h4 class=\"c-column-module-feature__title h4\">Une toute nouvelle perspective<\/h4>\n<div class=\"c-column-module-feature__description h5\">\n<p>Depuis la nouvelle version du menu D\u00e9marrer jusqu\u2019aux nouvelles fa\u00e7ons de vous connecter \u00e0 vos contacts, actualit\u00e9s, jeux et contenus pr\u00e9f\u00e9r\u00e9s, Windows\u00a011 est le lieu id\u00e9al pour penser, s\u2019exprimer et cr\u00e9er de mani\u00e8re naturelle.<\/p>\n<\/div>\n<\/div>\n<div class=\"c-column-module-feature\">\n<h4 class=\"c-column-module-feature__title h4\">Processeurs AMD Ryzen\u2122 s\u00e9rie 7000<\/h4>\n<div class=\"c-column-module-feature__description h5\">\n<p>Combine la vitesse et l\u2019endurance en jouant sur un ordinateur portable de gaming propuls\u00e9 par les processeurs AMD Ryzen\u2122. Exploite les performances brutes n\u00e9cessaires pour triompher, sans compromettre l\u2019autonomie de la batterie.<\/p>\n<\/div>\n<\/div>\n<div class=\"c-column-module-feature\">\n<h4 class=\"c-column-module-feature__title h4\">Une rapidit\u00e9 extr\u00eame<\/h4>\n<div class=\"c-column-module-feature__description h5\">\n<p>Les GPU NVIDIA\u00ae GeForce RTX\u2122 s\u00e9rie 40 offrent une rapidit\u00e9 extr\u00eame. Bas\u00e9s sur l\u2019architecture NVIDIA Ada Lovelace, ils constituent une avanc\u00e9e d\u00e9cisive en mati\u00e8re de performances et de capacit\u00e9s graphiques optimis\u00e9es par l\u2019IA. Plonge au c\u0153ur de mondes virtuels ultra-r\u00e9alistes gr\u00e2ce au ray tracing et \u00e0 une fr\u00e9quence d\u2019images extr\u00eamement \u00e9lev\u00e9e.<\/p>\n<\/div>\n<\/div>\n<div class=\"c-column-module-feature\">\n<h4 class=\"c-column-module-feature__title h4\">\u00c9cran FHD antireflet 144Hz<\/h4>\n<div class=\"c-column-module-feature__description h5\">\n<p>R\u00e9duis la frustration des ralentissements et des images fant\u00f4mes avec un \u00e9cran qui associe une fr\u00e9quence de rafra\u00eechissement de 144 Hz et une r\u00e9solution haute d\u00e9finition int\u00e9grale 1080p pour un gameplay fluide et pr\u00e9cis.<\/p>\n<\/div>\n<\/div>\n<\/div>\n<\/div>\n<\/div>\n<\/section>\n<\/div>\n<\/div>\n<\/div>\n<\/div>\n","protected":false},"excerpt":{"rendered":"<p><a href=\"http:\/\/www.digistar.ma\">AMD Ryzen<\/a>\u2122 7 7840HS (jusqu\u2019\u00e0 5,1 GHz de fr\u00e9quence Boost maximale, 16 Mo de m\u00e9moire cache L3, 8 c\u0153urs, 16 threads)<br \/>\nRAM: 16 Go de m\u00e9moire RAM DDR5 &#8211; 5 600 MHz (2 x 8 Go)<br \/>\nDisque dur: SSD 512 Go PCIe\u00ae Gen4 NVMe\u2122 TLC M.2<br \/>\n\u00c9cran: Full HD d\u2019une diagonale de 40,9 cm (16,1 pouces) (1920 x 1080), 144 Hz,\u00a0IPS, micro-bords, antireflet, 250 nits, 45 % NTSC<br \/>\nCarte graphique: NVIDIA\u00ae GeForce RTX\u2122 4050 Ordinateur portable GPU (6 Go de m\u00e9moire GDDR6 d\u00e9di\u00e9e)<br \/>\nWindows 11 \u00c9dition Familiale unilingue<br \/>\nClavier: Avec pav\u00e9 num\u00e9rique, r\u00e9tro\u00e9clair\u00e9, de grande taille, couleur opaque bleu performance, Fran\u00e7ais (AZERTY)<br \/>\nPoids: 2,33 kg<\/p>\n","protected":false},"featured_media":9808,"comment_status":"open","ping_status":"closed","template":"","meta":{"_acf_changed":false,"_monsterinsights_skip_tracking":false,"_monsterinsights_sitenote_active":false,"_monsterinsights_sitenote_note":"","_monsterinsights_sitenote_category":0,"_uf_show_specific_survey":0,"_uf_disable_surveys":false,"_joinchat":[]},"product_brand":[],"product_cat":[237,297,255,299],"product_tag":[],"class_list":{"0":"post-9779","1":"product","2":"type-product","3":"status-publish","4":"has-post-thumbnail","6":"product_cat-ordinateur","7":"product_cat-gaming","8":"product_cat-pc-portable","9":"product_cat-pc-portable-gamer","11":"first","12":"instock","13":"sale","14":"shipping-taxable","15":"purchasable","16":"product-type-simple"},"acf":[],"jetpack_sharing_enabled":true,"_links":{"self":[{"href":"https:\/\/digistar.ma\/index.php?rest_route=\/wp\/v2\/product\/9779","targetHints":{"allow":["GET"]}}],"collection":[{"href":"https:\/\/digistar.ma\/index.php?rest_route=\/wp\/v2\/product"}],"about":[{"href":"https:\/\/digistar.ma\/index.php?rest_route=\/wp\/v2\/types\/product"}],"replies":[{"embeddable":true,"href":"https:\/\/digistar.ma\/index.php?rest_route=%2Fwp%2Fv2%2Fcomments&post=9779"}],"version-history":[{"count":1,"href":"https:\/\/digistar.ma\/index.php?rest_route=\/wp\/v2\/product\/9779\/revisions"}],"predecessor-version":[{"id":9791,"href":"https:\/\/digistar.ma\/index.php?rest_route=\/wp\/v2\/product\/9779\/revisions\/9791"}],"wp:featuredmedia":[{"embeddable":true,"href":"https:\/\/digistar.ma\/index.php?rest_route=\/wp\/v2\/media\/9808"}],"wp:attachment":[{"href":"https:\/\/digistar.ma\/index.php?rest_route=%2Fwp%2Fv2%2Fmedia&parent=9779"}],"wp:term":[{"taxonomy":"product_brand","embeddable":true,"href":"https:\/\/digistar.ma\/index.php?rest_route=%2Fwp%2Fv2%2Fproduct_brand&post=9779"},{"taxonomy":"product_cat","embeddable":true,"href":"https:\/\/digistar.ma\/index.php?rest_route=%2Fwp%2Fv2%2Fproduct_cat&post=9779"},{"taxonomy":"product_tag","embeddable":true,"href":"https:\/\/digistar.ma\/index.php?rest_route=%2Fwp%2Fv2%2Fproduct_tag&post=9779"}],"curies":[{"name":"wp","href":"https:\/\/api.w.org\/{rel}","templated":true}]}}