{"id":9792,"date":"2023-12-22T16:18:55","date_gmt":"2023-12-22T16:18:55","guid":{"rendered":"https:\/\/digistar.ma\/?post_type=product&#038;p=9792"},"modified":"2023-12-22T16:18:56","modified_gmt":"2023-12-22T16:18:56","slug":"ordinateur-portable-hp-spectre-x360-convertible-14-ef2002nk-845l3ea","status":"publish","type":"product","link":"https:\/\/digistar.ma\/?product=ordinateur-portable-hp-spectre-x360-convertible-14-ef2002nk-845l3ea","title":{"rendered":"Ordinateur portable HP Spectre x360 Convertible 14-ef2002nk (845L3EA)"},"content":{"rendered":"<h2>Ordinateur portable HP Spectre x360 Convertible 14-ef2002nk (845L3EA)<\/h2>\n<section>\n<div class=\"desc-image\">\n<h2 class=\"h2-master\">Un convertible compact et performant avec \u00e9cran OLED tactile<\/h2>\n<section>Gagnez en puissance et en mobilit\u00e9 avec le\u00a0<strong>PC portable convertible HP Spectre x360 14<\/strong>\u00a0! Cet ordinateur portable compact et esth\u00e9tique propose une autonomie longue dur\u00e9e, vous permettant de travailler toute la journ\u00e9e, sans interruption. Le HP Spectre x360 14-ef0023nf offre d&#8217;excellentes performances et un fonctionnement fluide gr\u00e2ce \u00e0 son\u00a0<strong>processeur Intel Core i5-1335U<\/strong>, ses 16 Go de m\u00e9moire DDR4 et son <strong>SSD M.2 PCIe de 512 Go<\/strong>.<\/p>\n<\/section>\n<section>\n<div class=\"desc-image\"><img decoding=\"async\" src=\"https:\/\/media.ldlc.com\/bo\/images\/fiches\/pc_portables\/hp\/spectre_x360\/14\/800_1.jpg\" alt=\"\" \/><\/div>\n<div class=\"desc-text\">\n<h2>ECRAN TACTILE ROTATIF SUR 360\u00b0<\/h2>\n<p>Utilisable \u00e0 la fois comme PC portable ou tablette, le HP Spectre x360 de 14 pouces comblera toutes vos attentes. En effet, sa charni\u00e8re \u00e0 360 degr\u00e9s assure une rotation id\u00e9ale de l&#8217;\u00e9cran pour s&#8217;adapter \u00e0 vos diff\u00e9rentes activit\u00e9s. L&#8217;\u00e9cran OLED tactile 3K\/2K combinera \u00e0 merveille contr\u00f4le avanc\u00e9 et affichage de haute pr\u00e9cision ! Son verre Corning Gorilla NBT luttera efficacement contre les chocs et les rayures.<\/p>\n<\/div>\n<\/section>\n<section>\n<div class=\"desc-text\">\n<h2>CONFORT ET AUTONOMIE LONGUE DUR\u00c9E<\/h2>\n<p>Avec un ordinateur convertible performant b\u00e9n\u00e9ficiant d\u2019une autonomie longue dur\u00e9e (jusqu&#8217;\u00e0 13h30, selon l&#8217;utilisation), vous pouvez consacrer davantage de temps \u00e0 ce que vous aimez. Conservez plus longtemps des performances de pointe et rechargez rapidement avec le chargeur rapide HP. De plus, le HP Spectre x360 14 se pare d&#8217;un clavier avec r\u00e9tro\u00e9clairage pour une utilisation confortable de jour comme de nuit. Enfin, avec ses 4 haut-parleurs optimis\u00e9s par Bang &amp; Olufsen et pouss\u00e9s par Audio Boost, ce mod\u00e8le vous r\u00e9servera une restitution sonore de qualit\u00e9.<\/p>\n<\/div>\n<div class=\"desc-image\"><img decoding=\"async\" src=\"https:\/\/media.ldlc.com\/bo\/images\/fiches\/pc_portables\/hp\/spectre_x360\/14\/800_2.jpg\" alt=\"\" \/><\/div>\n<\/section>\n<div>\n<h2>CARACT\u00c9RISTIQUES PRINCIPALES : Ordinateur portable HP Spectre x360 Convertible 14-ef2002nk (845L3EA)<\/h2>\n<\/div>\n<p>Intel\u00ae Core\u2122 i5-1335U (jusqu\u2019\u00e0 4,6 GHz avec la technologie Intel\u00ae <a href=\"http:\/\/www.digistar.ma\">Turbo Boost<\/a>, 12 Mo de m\u00e9moire cache L3, 10 c\u0153urs, 12 threads)<br \/>\nRAM: 16 Go de m\u00e9moire RAM LPDDR4x-4266 MHz (int\u00e9gr\u00e9e)<br \/>\nDisque dur: SSD PCIe\u00ae NVMe\u2122 M.2 512 Go<\/p>\n<\/div>\n<\/section>\n","protected":false},"excerpt":{"rendered":"<p>Intel\u00ae Core\u2122 i5-1335U (jusqu\u2019\u00e0 4,6 GHz avec la technologie Intel\u00ae <a href=\"http:\/\/www.digistar.ma\">Turbo Boost<\/a>, 12 Mo de m\u00e9moire cache L3, 10 c\u0153urs, 12 threads)<br \/>\nRAM: 16 Go de m\u00e9moire RAM LPDDR4x-4266 MHz (int\u00e9gr\u00e9e)<br \/>\nDisque dur: SSD PCIe\u00ae NVMe\u2122 M.2 512 Go<br \/>\n\u00c9cran: WUXGA+ multi-tactile de 34,3 cm (13,5 pouces) de diagonale (1920 x 1280), IPS, verre bord \u00e0 bord, micro-bords, Corning\u00ae Gorilla\u00ae Glass NBT\u2122, faible lumi\u00e8re bleue, 1000 nits, 100 % sRVB, filtre de confidentialit\u00e9 int\u00e9gr\u00e9 HP Sure View Reflect<br \/>\nCarte graphique: Intel\u00ae Iris\u00ae X\u1d49<br \/>\nWindows 11 \u00c9dition Familiale unilingue<br \/>\nClavier: Bleu nocturne r\u00e9tro\u00e9clair\u00e9, de grande taille, Fran\u00e7ais (AZERTY)<br \/>\nPoids: 1.36 kg<\/p>\n","protected":false},"featured_media":9793,"comment_status":"open","ping_status":"closed","template":"","meta":{"_acf_changed":false,"_monsterinsights_skip_tracking":false,"_monsterinsights_sitenote_active":false,"_monsterinsights_sitenote_note":"","_monsterinsights_sitenote_category":0,"_uf_show_specific_survey":0,"_uf_disable_surveys":false,"_joinchat":[]},"product_brand":[],"product_cat":[237,255,300],"product_tag":[],"class_list":{"0":"post-9792","1":"product","2":"type-product","3":"status-publish","4":"has-post-thumbnail","6":"product_cat-ordinateur","7":"product_cat-pc-portable","8":"product_cat-pc-portable-pc-portable","10":"first","11":"instock","12":"sale","13":"shipping-taxable","14":"purchasable","15":"product-type-simple"},"acf":[],"jetpack_sharing_enabled":true,"_links":{"self":[{"href":"https:\/\/digistar.ma\/index.php?rest_route=\/wp\/v2\/product\/9792","targetHints":{"allow":["GET"]}}],"collection":[{"href":"https:\/\/digistar.ma\/index.php?rest_route=\/wp\/v2\/product"}],"about":[{"href":"https:\/\/digistar.ma\/index.php?rest_route=\/wp\/v2\/types\/product"}],"replies":[{"embeddable":true,"href":"https:\/\/digistar.ma\/index.php?rest_route=%2Fwp%2Fv2%2Fcomments&post=9792"}],"version-history":[{"count":1,"href":"https:\/\/digistar.ma\/index.php?rest_route=\/wp\/v2\/product\/9792\/revisions"}],"predecessor-version":[{"id":9798,"href":"https:\/\/digistar.ma\/index.php?rest_route=\/wp\/v2\/product\/9792\/revisions\/9798"}],"wp:featuredmedia":[{"embeddable":true,"href":"https:\/\/digistar.ma\/index.php?rest_route=\/wp\/v2\/media\/9793"}],"wp:attachment":[{"href":"https:\/\/digistar.ma\/index.php?rest_route=%2Fwp%2Fv2%2Fmedia&parent=9792"}],"wp:term":[{"taxonomy":"product_brand","embeddable":true,"href":"https:\/\/digistar.ma\/index.php?rest_route=%2Fwp%2Fv2%2Fproduct_brand&post=9792"},{"taxonomy":"product_cat","embeddable":true,"href":"https:\/\/digistar.ma\/index.php?rest_route=%2Fwp%2Fv2%2Fproduct_cat&post=9792"},{"taxonomy":"product_tag","embeddable":true,"href":"https:\/\/digistar.ma\/index.php?rest_route=%2Fwp%2Fv2%2Fproduct_tag&post=9792"}],"curies":[{"name":"wp","href":"https:\/\/api.w.org\/{rel}","templated":true}]}}