{"id":9799,"date":"2023-12-22T22:16:28","date_gmt":"2023-12-22T22:16:28","guid":{"rendered":"https:\/\/digistar.ma\/?post_type=product&#038;p=9799"},"modified":"2023-12-22T22:20:32","modified_gmt":"2023-12-22T22:20:32","slug":"ordinateur-portable-hp-envy-x360-convertible-15-fe0003nk-886l6ea","status":"publish","type":"product","link":"https:\/\/digistar.ma\/?product=ordinateur-portable-hp-envy-x360-convertible-15-fe0003nk-886l6ea","title":{"rendered":"Ordinateur portable HP Envy x360 Convertible 15-fe0003nk (886L6EA)"},"content":{"rendered":"<h2>Ordinateur portable HP Envy x360 Convertible 15-fe0003nk (886L6EA)<\/h2>\n<div class=\"product-details aem-GridColumn aem-GridColumn--default--12\">\n<section class=\"c-product-details\">\n<div class=\"c-default-container c-product-details__main\">\n<div class=\"c-product-details__overview m-bg-laptops-type-2 c-default-container\">\n<div class=\"h4 c-product-details__desc\"><\/div>\n<\/div>\n<\/div>\n<\/section>\n<\/div>\n<div class=\"anchor aem-GridColumn aem-GridColumn--default--12\">\n<div id=\"features\">\n<div class=\"column-module\">\n<section class=\"c-column-module m-bg-laptops-type-2\" data-metrics-link-placement=\"catalog:column\">\n<div class=\"c-default-container\">\n<div class=\"c-column-module__content\">\n<div class=\"c-column-module__features\">\n<div class=\"c-column-module-feature\">\n<h4 class=\"c-column-module-feature__title h4\"><\/h4>\n<div class=\"c-column-module-feature__description h5\">\n<div class=\"product-details aem-GridColumn aem-GridColumn--default--12\">\n<section class=\"c-product-details\">\n<div class=\"c-default-container c-product-details__main\">\n<div class=\"c-product-details__overview m-bg-laptops-type-2 c-default-container\">\n<div class=\"h4 c-product-details__desc\">\n<p>Pour plus de facilit\u00e9 au travail comme pour les loisirs. La satisfaction d\u2019accomplir vos t\u00e2ches avec une approche in\u00e9dite. Cet ordinateur portable 2-en-1 HP Envy x360 15,6 pouces donne plus de vie \u00e0 vos visioconf\u00e9rences et \u00e0 vos loisirs avec son \u00e9cran tactile, la qualit\u00e9 audio Bang &amp; Olufsen et la technologie de collaboration HP Presence. Soucieux du d\u00e9veloppement durable, ce PC portable offre le plein de puissance et d\u2019applications pour une fluidit\u00e9 totale. Sans limites.<\/p>\n<ul>\n<li>Syst\u00e8me d&#8217;exploitation: Windows 11 \u00c9dition Familiale unilingue<\/li>\n<li>Marque du processeur: Intel\u00ae Core\u2122 i5 1335U 13\u00e8me\u00a0<span class=\"m-text-nowrap\">g\u00e9n\u00e9ration<span class=\"c-footnote-container\">\u00a0<\/span><\/span><\/li>\n<li>Taille de la m\u00e9moire: 16 Go LPDDR5<\/li>\n<li>Autonomie de la batterie: 11 heures\u00a0<span class=\"m-text-nowrap\">max<span class=\"c-footnote-container\">\u00a0<\/span><\/span><\/li>\n<\/ul>\n<\/div>\n<div class=\"c-product-details__links\" data-metrics-link-placement=\"catalog:support-link\"><\/div>\n<div class=\"caption-2 c-product-details__short-specs\">HP Envy x360 2-in-1 Laptop 15-fe0003nk, Windows 11 \u00c9dition Familiale unilingue,\u00a015.6&#8243;,\u00a0\u00e9cran tactile,\u00a0Intel\u00ae Core\u2122 i5,\u00a016Go RAM,\u00a0512Go Disque SSD,\u00a0FHD,\u00a0Argent naturel<\/div>\n<\/div>\n<div class=\"product-assets c-slider-wrapper\">\n<p>&nbsp;<\/p>\n<div id=\"tns1-ow\" class=\"tns-outer\">\n<div id=\"tns1-mw\" class=\"tns-ovh\">\n<div id=\"tns1-iw\" class=\"tns-inner\">\n<div id=\"tns1\" class=\"product-assets-container c-slider-container tns-slider tns-carousel tns-subpixel tns-calc tns-horizontal\">\n<div class=\"product-asset c-default-container tns-item tns-slide-cloned\" tabindex=\"-1\" data-metrics-link-id=\"slide-change-5\" data-metrics-customhandler=\"\" data-metrics-event=\"e_linkClick\" aria-hidden=\"true\">\n<div class=\"c-image-container hp-image-5828-c1d4 with-ratio\">\n<div class=\"c-loader\">\n<div class=\"loader loader--blue\"><\/div>\n<\/div>\n<\/div>\n<div class=\"js-video-overlay-trigger\" data-metrics-event=\"e_videoStart\" data-metrics-link-id=\"HP Envy x360 15.6 inch 2-in-1 Laptop (Intel) Product Overview Video (Cutdown Version) - 06 sec- French\" data-metrics-avataronly=\"\" data-video-src=\"https:\/\/players.brightcove.net\/1160438711001\/ByoRFZcfl_default\/index.html?videoId=6330641321112\" data-video-controls=\"true\" data-video-autoplay=\"true\"><\/div>\n<\/div>\n<div id=\"tns1-item0\" class=\"product-asset c-default-container tns-item tns-slide-active\" data-metrics-link-id=\"slide-change-0\" data-metrics-customhandler=\"\" data-metrics-event=\"e_linkClick\">\n<div class=\"c-image-container hp-image-f71c-0195 with-ratio\"><img decoding=\"async\" class=\"inner-image\" src=\"https:\/\/ssl-product-images.www8-hp.com\/digmedialib\/prodimg\/lowres\/c08500355.png\" alt=\"23C1-INTEL Envy Goldy 15 NaturalSilver T IRCam nonFPR nonODD nonSD ALS Win11 CoreSet Front WhiteBG\" data-wec-listener-initialized=\"true\" \/><\/div>\n<\/div>\n<div id=\"tns1-item1\" class=\"product-asset c-default-container tns-item\" tabindex=\"-1\" data-metrics-link-id=\"slide-change-1\" data-metrics-customhandler=\"\" data-metrics-event=\"e_linkClick\" aria-hidden=\"true\">\n<div class=\"c-image-container hp-image-8e9d-6ba4 with-ratio\">\n<div class=\"c-loader\">\n<div class=\"loader loader--blue\"><\/div>\n<\/div>\n<\/div>\n<\/div>\n<div id=\"tns1-item2\" class=\"product-asset c-default-container tns-item\" tabindex=\"-1\" data-metrics-link-id=\"slide-change-2\" data-metrics-customhandler=\"\" data-metrics-event=\"e_linkClick\" aria-hidden=\"true\">\n<div class=\"c-image-container hp-image-05d8-ef70 with-ratio\">\n<div class=\"c-loader\">\n<div class=\"loader loader--blue\"><\/div>\n<\/div>\n<\/div>\n<\/div>\n<div id=\"tns1-item3\" class=\"product-asset c-default-container tns-item\" tabindex=\"-1\" data-metrics-link-id=\"slide-change-3\" data-metrics-customhandler=\"\" data-metrics-event=\"e_linkClick\" aria-hidden=\"true\">\n<div class=\"c-image-container hp-image-2df4-48d1 with-ratio\">\n<div class=\"c-loader\">\n<div class=\"loader loader--blue\"><\/div>\n<\/div>\n<\/div>\n<\/div>\n<div id=\"tns1-item4\" class=\"product-asset c-default-container tns-item\" tabindex=\"-1\" data-metrics-link-id=\"slide-change-4\" data-metrics-customhandler=\"\" data-metrics-event=\"e_linkClick\" aria-hidden=\"true\">\n<div class=\"c-image-container hp-image-e619-6982 with-ratio\">\n<div class=\"c-loader\">\n<div class=\"loader loader--blue\"><\/div>\n<\/div>\n<\/div>\n<\/div>\n<div id=\"tns1-item5\" class=\"product-asset c-default-container tns-item\" tabindex=\"-1\" data-metrics-link-id=\"slide-change-5\" data-metrics-customhandler=\"\" data-metrics-event=\"e_linkClick\" aria-hidden=\"true\">\n<div class=\"c-image-container hp-image-5828-c1d4 with-ratio\">\n<div class=\"c-loader\">\n<div class=\"loader loader--blue\"><\/div>\n<\/div>\n<\/div>\n<div class=\"js-video-overlay-trigger\" data-metrics-event=\"e_videoStart\" data-metrics-link-id=\"HP Envy x360 15.6 inch 2-in-1 Laptop (Intel) Product Overview Video (Cutdown Version) - 06 sec- French\" data-metrics-avataronly=\"\" data-video-src=\"https:\/\/players.brightcove.net\/1160438711001\/ByoRFZcfl_default\/index.html?videoId=6330641321112\" data-video-controls=\"true\" data-video-autoplay=\"true\"><\/div>\n<\/div>\n<div class=\"product-asset c-default-container tns-item tns-slide-cloned\" tabindex=\"-1\" data-metrics-link-id=\"slide-change-0\" data-metrics-customhandler=\"\" data-metrics-event=\"e_linkClick\" aria-hidden=\"true\">\n<div class=\"c-image-container hp-image-f71c-0195 with-ratio\">\n<div class=\"c-loader\">\n<div class=\"loader loader--blue\"><\/div>\n<\/div>\n<\/div>\n<\/div>\n<\/div>\n<\/div>\n<\/div>\n<div class=\"tns-nav\" aria-label=\"Carousel Pagination\"><\/div>\n<\/div>\n<p>&nbsp;<\/p>\n<\/div>\n<\/div>\n<\/section>\n<\/div>\n<div class=\"ghost aem-GridColumn aem-GridColumn--default--12\"><\/div>\n<div class=\"split-module aem-GridColumn aem-GridColumn--default--12\">\n<section class=\"c-split-module m-bg-laptops-type-3\">\n<div class=\"c-default-container\">\n<div class=\"c-split-module__item \">\n<div class=\"c-split-module__image\">\n<div class=\"c-image-container hp-image-4774-4fa2 with-ratio\"><img decoding=\"async\" class=\"inner-image\" src=\"https:\/\/ssl-product-images.www8-hp.com\/digmedialib\/prodimg\/lowres\/c08500355.png\" alt=\"23C1-INTEL Envy Goldy 15 NaturalSilver T IRCam nonFPR nonODD nonSD ALS Win11 CoreSet Front WhiteBG\" \/><\/div>\n<\/div>\n<div class=\"c-split-module__text\">\n<h3 class=\"h2 c-split-module__title\">Un monstre de performance<\/h3>\n<p class=\"h4 c-split-module__description\">Encha\u00eenez vos t\u00e2ches sans souci avec le dernier processeur\u00a0<span class=\"m-text-nowrap\">Intel\u00ae <\/span>, un \u00e9cran tactile r\u00e9actif et un stockage abondant.<\/p>\n<\/div>\n<\/div>\n<div class=\"c-split-module__item \">\n<div class=\"c-split-module__image\">\n<div class=\"c-image-container hp-image-13a6-284d with-ratio\"><img decoding=\"async\" class=\"inner-image\" src=\"https:\/\/ssl-product-images.www8-hp.com\/digmedialib\/prodimg\/lowres\/c08500385.png\" alt=\"23C1-INTEL Envy Goldy 15 NaturalSilver T IRCam nonFPR nonODD nonSD ALS Win11 CoreSet FrontLeft White\" data-wec-listener-initialized=\"true\" \/><\/div>\n<\/div>\n<div class=\"c-split-module__text\">\n<h3 class=\"h2 c-split-module__title\">L\u2019immersion d\u2019une salle de cin\u00e9ma sur un ordinateur portable<\/h3>\n<p class=\"h4 c-split-module__description\">Installez-vous confortablement, et profitez d\u2019une exp\u00e9rience de premier plan avec un \u00e9cran de pointe et un syst\u00e8me audio Bang &amp; Olufsen.<\/p>\n<\/div>\n<\/div>\n<div class=\"c-split-module__item \">\n<div class=\"c-split-module__image\">\n<div class=\"c-image-container hp-image-9805-9f86 with-ratio\"><img decoding=\"async\" class=\"inner-image\" src=\"https:\/\/ssl-product-images.www8-hp.com\/digmedialib\/prodimg\/lowres\/c08500325.png\" alt=\"23C1-INTEL Envy Goldy 15 NaturalSilver T IRCam nonFPR nonODD SD ALS Win11 CoreSet FrontRight WhiteBG\" data-wec-listener-initialized=\"true\" \/><\/div>\n<\/div>\n<div class=\"c-split-module__text\">\n<h3 class=\"h2 c-split-module__title\">Dur \u00e0 la t\u00e2che, doux pour la plan\u00e8te<\/h3>\n<p class=\"h4 c-split-module__description\">Fabriqu\u00e9 \u00e0 partir de m\u00e9taux et de plastiques recycl\u00e9s, cet ordinateur portable fait un geste pour\u00a0<span class=\"m-text-nowrap\">l\u2019environnement\u00a0<\/span>.<\/p>\n<\/div>\n<\/div>\n<\/div>\n<\/section>\n<\/div>\n<div class=\"anchor aem-GridColumn aem-GridColumn--default--12\">\n<div id=\"features\">\n<div>\n<div class=\"column-module\">\n<section class=\"c-column-module m-bg-laptops-type-2\" data-metrics-link-placement=\"catalog:column\">\n<div class=\"c-column-module__title m-bg-laptops\">\n<div class=\"c-default-container\">\n<h3 class=\"h1\">Parce que toutes les exp\u00e9riences sont pr\u00e9cieuses<\/h3>\n<\/div>\n<\/div>\n<div class=\"c-default-container\">\n<div class=\"c-column-module__content\">\n<div class=\"c-column-module__image\">\n<div class=\"c-image-container hp-image-f069-fdb3 with-ratio\"><img decoding=\"async\" class=\"inner-image\" src=\"https:\/\/ssl-product-images.www8-hp.com\/digmedialib\/prodimg\/lowres\/c08500164.png\" alt=\"23C1-INTEL Envy Goldy 15 NaturalSilver T IRCam nonFPR nonODD nonSD ALS Win11 CoreSet Stand WhiteBG\" data-wec-listener-initialized=\"true\" \/><\/div>\n<\/div>\n<div class=\"c-column-module__features\">\n<div class=\"c-column-module-feature\">\n<h4 class=\"c-column-module-feature__title h4\">Une toute nouvelle perspective<\/h4>\n<div class=\"c-column-module-feature__description h5\">\n<p>Depuis la nouvelle version du menu D\u00e9marrer jusqu\u2019aux nouvelles fa\u00e7ons de vous connecter \u00e0 vos contacts, actualit\u00e9s, jeux et contenus pr\u00e9f\u00e9r\u00e9s, Windows\u00a011 est le lieu id\u00e9al pour penser, s\u2019exprimer et cr\u00e9er de mani\u00e8re naturelle.<\/p>\n<\/div>\n<\/div>\n<div class=\"c-column-module-feature\">\n<h4 class=\"c-column-module-feature__title h4\">Allez au-del\u00e0 des performances pour permettre \u00e0 votre PC d\u2019en faire encore plus \u00e0 la fois<\/h4>\n<div class=\"c-column-module-feature__description h5\">\n<p>Bien plus qu\u2019un score de performance. Les processeurs Intel\u00ae Core\u2122 de 13e\u00a0g\u00e9n\u00e9ration font progresser le r\u00e9alisme et renforcent l\u2019efficacit\u00e9 en mode multit\u00e2che.<\/p>\n<\/div>\n<\/div>\n<div class=\"c-column-module-feature\">\n<h4 class=\"c-column-module-feature__title h4\">\u00c9cran FHD IPS<\/h4>\n<div class=\"c-column-module-feature__description h5\">\n<p>Profitez d\u2019images extr\u00eamement nettes, quel que soit l\u2019angle de vision. Avec un grand angle de vision de 178\u00b0 et une r\u00e9solution dynamique de 1 920 x 1 080, vous b\u00e9n\u00e9ficierez toujours d\u2019un affichage remarquable de votre contenu favori.<\/p>\n<\/div>\n<\/div>\n<div class=\"c-column-module-feature\">\n<h4 class=\"c-column-module-feature__title h4\">Anti-scintillement<\/h4>\n<div class=\"c-column-module-feature__description h5\">\n<p>Gr\u00e2ce \u00e0 la technologie de gradation CC, qui commande la luminosit\u00e9 en ajustant le courant continu plut\u00f4t qu\u2019en actionnant le r\u00e9tro\u00e9clairage, nous pouvons supprimer le scintillement de l\u2019\u00e9cran pour un affichage plus confortable.<\/p>\n<\/div>\n<h2 class=\"h3 c-product-specs__title\">Caract\u00e9ristiques techniques: Ordinateur portable HP Envy x360 Convertible 15-fe0003nk (886L6EA)<\/h2>\n<p>Intel\u00ae Core\u2122 i5-1335U (jusqu\u2019\u00e0 4,6 GHz avec la technologie Intel\u00ae Turbo Boost, 12 Mo de m\u00e9moire cache L3, 10 c\u0153urs, 12 threads)<br \/>\nRAM: 16 Go de m\u00e9moire RAM LPDDR5 &#8211; 5 200 MHz (embarqu\u00e9e)<br \/>\nDisque dur: SSD PCIe\u00ae NVMe\u2122 M.2 512 Go<br \/>\n<a href=\"http:\/\/www.digistar.ma\">\u00c9cran<\/a>: Tactile multipoint Full HD d\u2019une diagonale de 39,6 cm (15,6 pouces), (1920 x 1080), IPS, verre bord \u00e0 bord, micro-bords, 250 nits, 45 % NTSC<br \/>\nCarte graphique: Intel\u00ae Iris\u00ae X\u1d49<br \/>\nWindows 11 \u00c9dition Familiale unilingue<br \/>\nClavier: Complet gris clair r\u00e9tro\u00e9clair\u00e9, Fran\u00e7ais (AZERTY)<\/p>\n<\/div>\n<\/div>\n<\/div>\n<\/div>\n<\/section>\n<\/div>\n<\/div>\n<\/div>\n<\/div>\n<\/div>\n<\/div>\n<\/div>\n<\/div>\n<\/div>\n<\/section>\n<\/div>\n<\/div>\n<\/div>\n","protected":false},"excerpt":{"rendered":"<p>Intel\u00ae Core\u2122 i5-1335U (jusqu\u2019\u00e0 4,6 GHz avec la technologie Intel\u00ae Turbo Boost, 12 Mo de m\u00e9moire cache L3, 10 c\u0153urs, 12 threads)<br \/>\nRAM: 16 Go de m\u00e9moire RAM LPDDR5 &#8211; 5 200 MHz (embarqu\u00e9e)<br \/>\nDisque dur: SSD PCIe\u00ae NVMe\u2122 M.2 512 Go<br \/>\n<a href=\"http:\/\/www.digistar.ma\">\u00c9cran<\/a>: Tactile multipoint Full HD d\u2019une diagonale de 39,6 cm (15,6 pouces), (1920 x 1080), IPS, verre bord \u00e0 bord, micro-bords, 250 nits, 45 % NTSC<br \/>\nCarte graphique: Intel\u00ae Iris\u00ae X\u1d49<br \/>\nWindows 11 \u00c9dition Familiale unilingue<br \/>\nClavier: Complet gris clair r\u00e9tro\u00e9clair\u00e9, Fran\u00e7ais (AZERTY)<br \/>\nPoids: 1,77 kg<\/p>\n","protected":false},"featured_media":9806,"comment_status":"open","ping_status":"closed","template":"","meta":{"_acf_changed":false,"_monsterinsights_skip_tracking":false,"_monsterinsights_sitenote_active":false,"_monsterinsights_sitenote_note":"","_monsterinsights_sitenote_category":0,"_uf_show_specific_survey":0,"_uf_disable_surveys":false,"_joinchat":[]},"product_brand":[],"product_cat":[255,237,300],"product_tag":[],"class_list":{"0":"post-9799","1":"product","2":"type-product","3":"status-publish","4":"has-post-thumbnail","6":"product_cat-pc-portable","7":"product_cat-ordinateur","8":"product_cat-pc-portable-pc-portable","10":"first","11":"instock","12":"sale","13":"shipping-taxable","14":"purchasable","15":"product-type-simple"},"acf":[],"jetpack_sharing_enabled":true,"_links":{"self":[{"href":"https:\/\/digistar.ma\/index.php?rest_route=\/wp\/v2\/product\/9799","targetHints":{"allow":["GET"]}}],"collection":[{"href":"https:\/\/digistar.ma\/index.php?rest_route=\/wp\/v2\/product"}],"about":[{"href":"https:\/\/digistar.ma\/index.php?rest_route=\/wp\/v2\/types\/product"}],"replies":[{"embeddable":true,"href":"https:\/\/digistar.ma\/index.php?rest_route=%2Fwp%2Fv2%2Fcomments&post=9799"}],"version-history":[{"count":2,"href":"https:\/\/digistar.ma\/index.php?rest_route=\/wp\/v2\/product\/9799\/revisions"}],"predecessor-version":[{"id":9807,"href":"https:\/\/digistar.ma\/index.php?rest_route=\/wp\/v2\/product\/9799\/revisions\/9807"}],"wp:featuredmedia":[{"embeddable":true,"href":"https:\/\/digistar.ma\/index.php?rest_route=\/wp\/v2\/media\/9806"}],"wp:attachment":[{"href":"https:\/\/digistar.ma\/index.php?rest_route=%2Fwp%2Fv2%2Fmedia&parent=9799"}],"wp:term":[{"taxonomy":"product_brand","embeddable":true,"href":"https:\/\/digistar.ma\/index.php?rest_route=%2Fwp%2Fv2%2Fproduct_brand&post=9799"},{"taxonomy":"product_cat","embeddable":true,"href":"https:\/\/digistar.ma\/index.php?rest_route=%2Fwp%2Fv2%2Fproduct_cat&post=9799"},{"taxonomy":"product_tag","embeddable":true,"href":"https:\/\/digistar.ma\/index.php?rest_route=%2Fwp%2Fv2%2Fproduct_tag&post=9799"}],"curies":[{"name":"wp","href":"https:\/\/api.w.org\/{rel}","templated":true}]}}