{"id":9809,"date":"2023-12-29T11:42:13","date_gmt":"2023-12-29T11:42:13","guid":{"rendered":"https:\/\/digistar.ma\/?post_type=product&#038;p=9809"},"modified":"2024-02-22T10:26:13","modified_gmt":"2024-02-22T10:26:13","slug":"www-digistar-ma","status":"publish","type":"product","link":"https:\/\/digistar.ma\/?product=www-digistar-ma","title":{"rendered":"Ordinateur portable HP EliteBook 1040 G10 (8A3N2EA)"},"content":{"rendered":"<h2>Ordinateur portable HP EliteBook 1040 G10 (8A3N2EA)<\/h2>\n<div class=\"split-module aem-GridColumn aem-GridColumn--default--12\">\n<section class=\"c-split-module m-bg-laptops-type-3\">\n<div class=\"c-default-container\">\n<div class=\"c-split-module__item \">\n<div class=\"c-split-module__image\">\n<div class=\"c-image-container hp-image-a63f-5814 with-ratio\"><img decoding=\"async\" class=\"inner-image\" src=\"https:\/\/ssl-product-images.www8-hp.com\/digmedialib\/prodimg\/lowres\/c08480827.png\" alt=\"HP EliteBook 1040 14 inch G10 Notebook PC NaturalSilver T IRcam nonODD FPR Win11 CoreSet WhiteBG Fro\" \/><\/div>\n<div><\/div>\n<h3 class=\"c-image-container hp-image-a63f-5814 with-ratio\">\u00c9cran 16:10 14 pouces<\/h3>\n<\/div>\n<div class=\"c-split-module__text\">\n<p class=\"h4 c-split-module__description\">D\u00e9veloppez vos performances avec cet \u00e9cran 14 pouces 16:10 et son ch\u00e2ssis fin et l\u00e9ger.<\/p>\n<\/div>\n<\/div>\n<div class=\"c-split-module__item \">\n<div class=\"c-split-module__image\">\n<div class=\"c-image-container hp-image-c63b-cc75 with-ratio\"><img decoding=\"async\" class=\"inner-image\" src=\"https:\/\/ssl-product-images.www8-hp.com\/digmedialib\/prodimg\/lowres\/c08483516.png\" alt=\"HP EliteBook 1040 14 inch G10 Notebook PC NaturalSilver T IRcam nonODD FPR Win11 CoreSet WhiteBG Fro\" data-wec-listener-initialized=\"true\" \/><\/div>\n<\/div>\n<div class=\"c-split-module__text\">\n<h3 class=\"h2 c-split-module__title\">Cam\u00e9ra 5 MPX avec HP Auto Frame<\/h3>\n<p class=\"h4 c-split-module__description\">Apparaissez sous votre meilleur profil avec la cam\u00e9ra 5MP \u00e9quip\u00e9e des fonctionnalit\u00e9s HP Auto\u00a0<span class=\"m-text-nowrap\">Frame<\/span>\u00a0et HP Dynamic Voice\u00a0<span class=\"m-text-nowrap\">Leveling<\/span>.<\/p>\n<\/div>\n<\/div>\n<div class=\"c-split-module__item \">\n<div class=\"c-split-module__image\">\n<div class=\"c-image-container hp-image-d268-6435 with-ratio\"><img decoding=\"async\" class=\"inner-image\" src=\"https:\/\/ssl-product-images.www8-hp.com\/digmedialib\/prodimg\/lowres\/c08483504.png\" alt=\"HP EliteBook 1040 14 inch G10 Notebook PC NaturalSilver T IRcam nonODD FPR Win11 CoreSet WhiteBG Fro\" data-wec-listener-initialized=\"true\" \/><\/div>\n<\/div>\n<div class=\"c-split-module__text\">\n<h3><\/h3>\n<h3 class=\"h2 c-split-module__title\">Prot\u00e9g\u00e9 par HP Wolf Security<\/h3>\n<p class=\"h4 c-split-module__description\">HP Wolf Security for Business assure une d\u00e9fense r\u00e9siliente, toujours disponible, int\u00e9gr\u00e9e dans le\u00a0<span class=\"m-text-nowrap\">mat\u00e9riel<\/span>.<\/p>\n<\/div>\n<\/div>\n<\/div>\n<\/section>\n<\/div>\n<div class=\"anchor aem-GridColumn aem-GridColumn--default--12\">\n<div id=\"features\">\n<div class=\"column-module\">\n<section class=\"c-column-module m-bg-laptops-type-2\" data-metrics-link-placement=\"catalog:column\">\n<div class=\"c-column-module__title m-bg-laptops\">\n<div class=\"c-default-container\">\n<h3 class=\"h1\">Mobilit\u00e9 et performances exceptionnelles<\/h3>\n<\/div>\n<\/div>\n<div class=\"c-default-container\">\n<div class=\"c-column-module__content\">\n<div class=\"c-column-module__image\">\n<div class=\"c-image-container hp-image-4a16-e56b with-ratio\"><img decoding=\"async\" class=\"inner-image\" src=\"https:\/\/ssl-product-images.www8-hp.com\/digmedialib\/prodimg\/lowres\/c08269621.jpg\" alt=\"HP Elite Dragonfly G2 &amp; HP EliteBook x360 830 G6 with pen\" data-wec-listener-initialized=\"true\" \/><\/div>\n<\/div>\n<div class=\"c-column-module__features\">\n<div class=\"c-column-module-feature\">\n<h4><\/h4>\n<h4 class=\"c-column-module-feature__title h4\">Windows 11<\/h4>\n<p>Travaillez n\u2019importe o\u00f9 sans faire de compromis sur les performances ni la s\u00e9curit\u00e9 avec Windows 11, coupl\u00e9 \u00e0 la technologie de connectivit\u00e9 et de collaboration de HP<\/p>\n<\/div>\n<div class=\"c-column-module-feature\">\n<h4 class=\"c-column-module-feature__title h4\"><a href=\"http:\/\/www.digistar.ma\">Processeur<\/a> Intel\u00ae multic\u0153ur de 13e g\u00e9n\u00e9ration<\/h4>\n<div class=\"c-column-module-feature__description h5\">\n<p>Profitez d\u2019une performance rapide, d\u2019une puissance fiable et d\u2019un excellent rapport qualit\u00e9-prix gr\u00e2ce au processeur Intel\u00ae Core\u2122 de 13e g\u00e9n\u00e9ration, capable de g\u00e9rer plusieurs t\u00e2ches simultan\u00e9ment gr\u00e2ce \u00e0 ses multiples c\u0153urs de processeurs.<\/p>\n<\/div>\n<\/div>\n<div class=\"c-column-module-feature\">\n<h4 class=\"c-column-module-feature__title h4\">Un r\u00e9seau local sans fil rapide et efficace<\/h4>\n<div class=\"c-column-module-feature__description h5\">\n<p>La portabilit\u00e9 de votre PC et la fiabilit\u00e9 d\u2019une connexion rapide pour travailler o\u00f9 vous le souhaitez. Obtenez une connexion rapide et fiable dans des environnements sans fil denses gr\u00e2ce au Wi-Fi 6 gigabit.<\/p>\n<\/div>\n<\/div>\n<div class=\"c-column-module-feature\">\n<h4 class=\"c-column-module-feature__title h4\">Naviguez en toute confiance<\/h4>\n<div class=\"c-column-module-feature__description h5\">\n<p>Renforcez la protection de votre ordinateur contre les menaces (sites Web, pi\u00e8ces jointes Microsoft Office et PDF, logiciels malveillants, ran\u00e7ongiciels et virus) avec la s\u00e9curit\u00e9 int\u00e9gr\u00e9e au niveau du mat\u00e9riel de HP Sure Click.<\/p>\n<\/div>\n<h2 class=\"h3 c-product-specs__title\">Caract\u00e9ristiques techniques de l Ordinateur portable HP EliteBook 1040 G10 (8A3N2EA)<\/h2>\n<ul>\n<li><a href=\"https:\/\/digistar.ma\/?product=adaptateur-ugreen-usb-a-vers-3-5-mm-audio-stereo-30724\">Syst\u00e8me<\/a> d&#8217;exploitation: Windows 11 Professionnel<\/li>\n<li>Marque du processeur: Intel\u00ae Core\u2122 i7 1365U 13\u00e8me\u00a0<span class=\"m-text-nowrap\">g\u00e9n\u00e9ration<\/span><\/li>\n<li>Taille de la m\u00e9moire: 16 Go DDR5<\/li>\n<\/ul>\n<\/div>\n<\/div>\n<\/div>\n<\/div>\n<\/section>\n<\/div>\n<\/div>\n<\/div>\n","protected":false},"excerpt":{"rendered":"<p>Intel\u00ae Core\u2122 i7-1365U (jusqu\u2019\u00e0 5,2 GHz avec la technologie Intel\u00ae Turbo Boost, 12 Mo de m\u00e9moire cache L3, 10 c\u0153urs, 12 threads)<br \/>\nRAM: 16 Go de m\u00e9moire RAM DDR5 &#8211; 5 200 MHz (2 x 8 Go)<br \/>\nDisque dur: <a href=\"http:\/\/www.digistar.ma\">SSD<\/a> PCIe\u00ae NVMe\u2122 M.2 512 Go<br \/>\n\u00c9cran: WUXGA diagonale 35,6 cm (14 pouces) (1920 x 1200), IPS, antireflet, 400 nits, 100 % sRGB<br \/>\nCarte graphique: Intel\u00ae Iris\u00ae X\u1d49<br \/>\nWindows 11 Professionnel<br \/>\nClavier: HP Premium \u2014 clavier r\u00e9sistant aux \u00e9claboussures et r\u00e9tro\u00e9clair\u00e9, Fran\u00e7ais (AZERTY)<\/p>\n","protected":false},"featured_media":10060,"comment_status":"open","ping_status":"closed","template":"","meta":{"_acf_changed":false,"_monsterinsights_skip_tracking":false,"_monsterinsights_sitenote_active":false,"_monsterinsights_sitenote_note":"","_monsterinsights_sitenote_category":0,"_uf_show_specific_survey":0,"_uf_disable_surveys":false,"_joinchat":[]},"product_brand":[],"product_cat":[237,255,300],"product_tag":[],"class_list":{"0":"post-9809","1":"product","2":"type-product","3":"status-publish","4":"has-post-thumbnail","6":"product_cat-ordinateur","7":"product_cat-pc-portable","8":"product_cat-pc-portable-pc-portable","10":"first","11":"instock","12":"sale","13":"shipping-taxable","14":"purchasable","15":"product-type-simple"},"acf":[],"jetpack_sharing_enabled":true,"_links":{"self":[{"href":"https:\/\/digistar.ma\/index.php?rest_route=\/wp\/v2\/product\/9809","targetHints":{"allow":["GET"]}}],"collection":[{"href":"https:\/\/digistar.ma\/index.php?rest_route=\/wp\/v2\/product"}],"about":[{"href":"https:\/\/digistar.ma\/index.php?rest_route=\/wp\/v2\/types\/product"}],"replies":[{"embeddable":true,"href":"https:\/\/digistar.ma\/index.php?rest_route=%2Fwp%2Fv2%2Fcomments&post=9809"}],"version-history":[{"count":3,"href":"https:\/\/digistar.ma\/index.php?rest_route=\/wp\/v2\/product\/9809\/revisions"}],"predecessor-version":[{"id":9979,"href":"https:\/\/digistar.ma\/index.php?rest_route=\/wp\/v2\/product\/9809\/revisions\/9979"}],"wp:featuredmedia":[{"embeddable":true,"href":"https:\/\/digistar.ma\/index.php?rest_route=\/wp\/v2\/media\/10060"}],"wp:attachment":[{"href":"https:\/\/digistar.ma\/index.php?rest_route=%2Fwp%2Fv2%2Fmedia&parent=9809"}],"wp:term":[{"taxonomy":"product_brand","embeddable":true,"href":"https:\/\/digistar.ma\/index.php?rest_route=%2Fwp%2Fv2%2Fproduct_brand&post=9809"},{"taxonomy":"product_cat","embeddable":true,"href":"https:\/\/digistar.ma\/index.php?rest_route=%2Fwp%2Fv2%2Fproduct_cat&post=9809"},{"taxonomy":"product_tag","embeddable":true,"href":"https:\/\/digistar.ma\/index.php?rest_route=%2Fwp%2Fv2%2Fproduct_tag&post=9809"}],"curies":[{"name":"wp","href":"https:\/\/api.w.org\/{rel}","templated":true}]}}