{"id":9812,"date":"2023-12-25T22:54:55","date_gmt":"2023-12-25T22:54:55","guid":{"rendered":"https:\/\/digistar.ma\/?post_type=product&#038;p=9812"},"modified":"2023-12-25T22:54:55","modified_gmt":"2023-12-25T22:54:55","slug":"canon-imagerunner-2224-imprimante-a3-multifonction-laser-monochrome","status":"publish","type":"product","link":"https:\/\/digistar.ma\/?product=canon-imagerunner-2224-imprimante-a3-multifonction-laser-monochrome","title":{"rendered":"Canon imageRUNNER 2224 Imprimante A3 Multifonction Laser Monochrome"},"content":{"rendered":"<h3>Canon imageRUNNER 2224 Imprimante A3 Multifonction Laser Monochrome<\/h3>\n<div class=\"heading-simple shared-styles__separator-tb-xm canon-bg--grey-lightest\" dir=\"ltr\">\n<div class=\"container\">\n<div class=\"heading-simple__wrapper heading-simple__wrapper--center\">\n<h2 class=\"heading-simple__heading canon-mb-xxs canon-h2--big text-center\">Am\u00e9liorez la s\u00e9curit\u00e9 et la productivit\u00e9 de votre bureau gr\u00e2ce \u00e0 des technologies d&#8217;impression de pointe<\/h2>\n<div class=\"heading-simple__paragraph canon-paragraph--large canon-mb-xxs text-center\">Optimisez vos workflows de documents au bureau avec des impressions rapides et de haute qualit\u00e9 \u00e0 partir d&#8217;appareils compacts et abordables, con\u00e7us pour assurer l&#8217;efficacit\u00e9 de tous les environnements de bureau.<\/div>\n<\/div>\n<\/div>\n<\/div>\n<div id=\"id_2248980\"><\/div>\n<section class=\"block-flex-multi-text\">\n<div class=\"canon-bg--white\">\n<div class=\"container-large\">\n<div class=\"block-flex-multi-text__wrapper\" dir=\"ltr\">\n<div class=\"block-flex-multi-text__content-wrapper canon-mr-xxs canon-ml-xxs  shared-styles__separator-tb-s\">\n<div class=\"block-flex-multi-text__align shared-styles__separator-tb-xxs\">\n<h2 class=\"block-flex-multi-text__title canon-h1--small canon-mb-xs canon-color--grey-darkest\">S\u00e9curit\u00e9 optimale<\/h2>\n<p class=\"block-flex-multi-text__text canon-paragraph--big canon-mb-xxs canon-color--grey-darkest\">Une s\u00e9curit\u00e9 \u00e0 360<sup>\u00b0<\/sup>\u00a0prot\u00e9geant vos appareils, vos donn\u00e9es et votre r\u00e9seau vous procure une tranquillit\u00e9 d&#8217;esprit absolue.<\/p>\n<\/div>\n<div class=\"block-flex-multi-text__align shared-styles__separator-tb-xxs\">\n<h2 class=\"block-flex-multi-text__title canon-h1--small canon-mb-xs canon-color--grey-darkest\">Am\u00e9lioration de la productivit\u00e9<\/h2>\n<p class=\"block-flex-multi-text__text canon-paragraph--big canon-mb-xxs canon-color--grey-darkest\">Optimisez les performances de votre entreprise gr\u00e2ce \u00e0 des impressions rapides, \u00e0 la prise en charge de nombreux supports et \u00e0 une grande capacit\u00e9 d&#8217;alimentation papier.<\/p>\n<\/div>\n<div class=\"block-flex-multi-text__align shared-styles__separator-tb-xxs\">\n<h2 class=\"block-flex-multi-text__title canon-h1--small canon-mb-xs canon-color--grey-darkest\">Connectivit\u00e9 optimis\u00e9e<\/h2>\n<p class=\"block-flex-multi-text__text canon-paragraph--big canon-mb-xxs canon-color--grey-darkest\">Faites votre choix parmi une large gamme d&#8217;options de connectivit\u00e9 pour profiter d&#8217;une configuration de bureau optimis\u00e9e avec Canon imageRUNNER 2224 Imprimante A3 Multifonction Laser Monochrome .<\/p>\n<\/div>\n<\/div>\n<div class=\"block-flex-multi-text__img-wrapper block-flex-multi-text__img-wrapper--border shared-styles__separator-tb-s\"><picture class=\"block-flex-multi-text__img canon-amplience canon-amplience__lazy  \"><source class=\"canon-amplience__image lazy\" srcset=\"\/\/i1.adis.ws\/i\/canon\/imagerunner-2224n-fra_key-proposition_01_b479a989e3104a3da00cdc98742d4413?$block-multitext-1by1-dt$\" type=\"image\/webp\" media=\"(min-width: 1440px)\" data-srcset=\"\/\/i1.adis.ws\/i\/canon\/imagerunner-2224n-fra_key-proposition_01_b479a989e3104a3da00cdc98742d4413?$block-multitext-1by1-dt$\" \/><source class=\"canon-amplience__image lazy\" srcset=\"\/\/i1.adis.ws\/i\/canon\/imagerunner-2224n-fra_key-proposition_01_b479a989e3104a3da00cdc98742d4413?$block-multitext-1by1-dt$\" type=\"image\/webp\" media=\"(min-width: 1200px)\" data-srcset=\"\/\/i1.adis.ws\/i\/canon\/imagerunner-2224n-fra_key-proposition_01_b479a989e3104a3da00cdc98742d4413?$block-multitext-1by1-dt$\" \/><source class=\"canon-amplience__image lazy\" srcset=\"\/\/i1.adis.ws\/i\/canon\/imagerunner-2224n-fra_key-proposition_01_b479a989e3104a3da00cdc98742d4413?$block-multitext-1by1-tb$\" type=\"image\/webp\" media=\"(min-width: 769px)\" data-srcset=\"\/\/i1.adis.ws\/i\/canon\/imagerunner-2224n-fra_key-proposition_01_b479a989e3104a3da00cdc98742d4413?$block-multitext-1by1-tb$\" \/><source class=\"canon-amplience__image lazy\" srcset=\"\/\/i1.adis.ws\/i\/canon\/imagerunner-2224n-fra_key-proposition_01_b479a989e3104a3da00cdc98742d4413?$block-multitext-1by1-mb$\" type=\"image\/webp\" media=\"(min-width: 0)\" data-srcset=\"\/\/i1.adis.ws\/i\/canon\/imagerunner-2224n-fra_key-proposition_01_b479a989e3104a3da00cdc98742d4413?$block-multitext-1by1-mb$\" \/><img decoding=\"async\" class=\"canon-amplience__image lazy placeholder--one-by-one entered loaded\" src=\"https:\/\/i1.adis.ws\/i\/canon\/imagerunner-2224n-fra_key-proposition_01_b479a989e3104a3da00cdc98742d4413?$block-multitext-1by1-dt-jpg$\" srcset=\"\/\/i1.adis.ws\/i\/canon\/imagerunner-2224n-fra_key-proposition_01_b479a989e3104a3da00cdc98742d4413?$block-multitext-1by1-dt-jpg$\" alt=\"imageRUNNER 2224\" data-srcset=\"\/\/i1.adis.ws\/i\/canon\/imagerunner-2224n-fra_key-proposition_01_b479a989e3104a3da00cdc98742d4413?$block-multitext-1by1-dt-jpg$\" data-src=\"\/\/i1.adis.ws\/i\/canon\/imagerunner-2224n-fra_key-proposition_01_b479a989e3104a3da00cdc98742d4413?$block-multitext-1by1-dt-jpg$\" data-ll-status=\"loaded\" \/><\/picture><\/div>\n<\/div>\n<\/div>\n<\/div>\n<\/section>\n<div id=\"id_2248982\"><\/div>\n<section class=\"block-flex-multi-text\">\n<div class=\"canon-bg--white\">\n<div class=\"container-large\">\n<div class=\"block-flex-multi-text__wrapper\" dir=\"ltr\">\n<div class=\"block-flex-multi-text__content-wrapper canon-mr-xxs canon-ml-xxs block-flex-multi-text__content-wrapper--order shared-styles__separator-tb-s\">\n<div class=\"block-flex-multi-text__align shared-styles__separator-tb-xxs\">\n<h2 class=\"block-flex-multi-text__title canon-h1--small canon-mb-xs canon-color--grey-darkest\">Fiabilit\u00e9 in\u00e9gal\u00e9e<\/h2>\n<p class=\"block-flex-multi-text__text canon-paragraph--big canon-mb-xxs canon-color--grey-darkest\">Une conception robuste et de nombreuses fonctionnalit\u00e9s vous offrent une productivit\u00e9 optimale, y\u00a0compris dans les environnements de travail les plus difficiles.<\/p>\n<\/div>\n<div class=\"block-flex-multi-text__align shared-styles__separator-tb-xxs\">\n<h2 class=\"block-flex-multi-text__title canon-h1--small canon-mb-xs canon-color--grey-darkest\">Contr\u00f4le de bureau intelligent<\/h2>\n<p class=\"block-flex-multi-text__text canon-paragraph--big canon-mb-xxs canon-color--grey-darkest\">Simplifiez la gestion de votre parc gr\u00e2ce au diagnostic \u00e0 distance, aux alertes relatives aux mises \u00e0 jour du micrologiciel et \u00e0 la surveillance centralis\u00e9e des utilisateurs et des fonctions des imprimante.<\/p>\n<\/div>\n<\/div>\n<h3><a href=\"https:\/\/digistar.ma\/wp-content\/uploads\/2023\/12\/imagerunner-2224_imagerunner-2224if_imagerunner-2224n_benefit-datasheet_fr_final_hr_71e774772c154b3d995d76d019eebb1d.pdf\">FICHE TECHNIQUE Canon imageRUNNER 2224 Imprimante A3 Multifonction Laser Monochrome\u00a0<\/a><\/h3>\n<\/div>\n<\/div>\n<\/div>\n<\/section>\n","protected":false},"excerpt":{"rendered":"<p>Impression, copie, num\u00e9risation, envoi et t\u00e9l\u00e9copie<br \/>\nVitesse d&#8217;impression noir: Recto : jusqu&#8217;\u00e0 24 ppm (A4), jusqu&#8217;\u00e0 12 ppm (A3), jusqu&#8217;\u00e0 11 ppm (A4R)<br \/>\nQualit\u00e9 d&#8217;impression noire: Jusqu&#8217;\u00e0 1200 \u00d7 1200<br \/>\nImpression Recto\/Verso : Automatique<br \/>\nFonctionne avec: 1 toner noir<br \/>\nConnectivit\u00e9: Standard : 1 port USB 2.0 (p\u00e9riph\u00e9rique)<\/p>\n","protected":false},"featured_media":9813,"comment_status":"open","ping_status":"closed","template":"","meta":{"_acf_changed":false,"_monsterinsights_skip_tracking":false,"_monsterinsights_sitenote_active":false,"_monsterinsights_sitenote_note":"","_monsterinsights_sitenote_category":0,"_uf_show_specific_survey":0,"_uf_disable_surveys":false,"_joinchat":[]},"product_brand":[],"product_cat":[15,253,271],"product_tag":[],"class_list":{"0":"post-9812","1":"product","2":"type-product","3":"status-publish","4":"has-post-thumbnail","6":"product_cat-imprimante-scanner","7":"product_cat-imprimante","8":"product_cat-multifonction-laser-monochrome","10":"first","11":"instock","12":"sale","13":"shipping-taxable","14":"purchasable","15":"product-type-simple"},"acf":[],"jetpack_sharing_enabled":true,"_links":{"self":[{"href":"https:\/\/digistar.ma\/index.php?rest_route=\/wp\/v2\/product\/9812","targetHints":{"allow":["GET"]}}],"collection":[{"href":"https:\/\/digistar.ma\/index.php?rest_route=\/wp\/v2\/product"}],"about":[{"href":"https:\/\/digistar.ma\/index.php?rest_route=\/wp\/v2\/types\/product"}],"replies":[{"embeddable":true,"href":"https:\/\/digistar.ma\/index.php?rest_route=%2Fwp%2Fv2%2Fcomments&post=9812"}],"version-history":[{"count":1,"href":"https:\/\/digistar.ma\/index.php?rest_route=\/wp\/v2\/product\/9812\/revisions"}],"predecessor-version":[{"id":9819,"href":"https:\/\/digistar.ma\/index.php?rest_route=\/wp\/v2\/product\/9812\/revisions\/9819"}],"wp:featuredmedia":[{"embeddable":true,"href":"https:\/\/digistar.ma\/index.php?rest_route=\/wp\/v2\/media\/9813"}],"wp:attachment":[{"href":"https:\/\/digistar.ma\/index.php?rest_route=%2Fwp%2Fv2%2Fmedia&parent=9812"}],"wp:term":[{"taxonomy":"product_brand","embeddable":true,"href":"https:\/\/digistar.ma\/index.php?rest_route=%2Fwp%2Fv2%2Fproduct_brand&post=9812"},{"taxonomy":"product_cat","embeddable":true,"href":"https:\/\/digistar.ma\/index.php?rest_route=%2Fwp%2Fv2%2Fproduct_cat&post=9812"},{"taxonomy":"product_tag","embeddable":true,"href":"https:\/\/digistar.ma\/index.php?rest_route=%2Fwp%2Fv2%2Fproduct_tag&post=9812"}],"curies":[{"name":"wp","href":"https:\/\/api.w.org\/{rel}","templated":true}]}}