{"id":9862,"date":"2023-12-27T12:43:31","date_gmt":"2023-12-27T12:43:31","guid":{"rendered":"https:\/\/digistar.ma\/?post_type=product&#038;p=9862"},"modified":"2024-03-14T11:29:56","modified_gmt":"2024-03-14T11:29:56","slug":"scanner-a-plat-canon-canoscan-lide-300-2995c010aa","status":"publish","type":"product","link":"https:\/\/digistar.ma\/?product=scanner-a-plat-canon-canoscan-lide-300-2995c010aa","title":{"rendered":"Scanner \u00e0 plat Canon CanoScan LiDE 300 (2995C010AA)"},"content":{"rendered":"<h4>Scanner \u00e0 plat Canon CanoScan LiDE 300 (2995C010AA)<\/h4>\n<p>Pour tous vos besoins de num\u00e9risation, le\u00a0<strong>CanoScan LiDE 300<\/strong>\u00a0est le scanner id\u00e9al ! A la fois compact, \u00e9l\u00e9gant et abordable, il trouve son utilit\u00e9 \u00e0 la maison comme au bureau en proposant des num\u00e9risations haute r\u00e9solution. Tr\u00e8s simple d&#8217;utilisation gr\u00e2ce notamment \u00e0 l&#8217;application Canon PRINT, il vous permet d&#8217;optimiser vos investissements, d&#8217;\u00eatre cr\u00e9atif et d&#8217;acc\u00e9der \u00e0 la libert\u00e9 du Cloud. Ce\u00a0<strong>scanner \u00e0 plat A4 Canon<\/strong>\u00a0est \u00e9galement \u00e9quip\u00e9 de 4 touches de fonctionnement EZ pour une utilisation facile et sans tracas de la num\u00e9risation.<\/p>\n<table border=\"0\" width=\"100%\" cellspacing=\"1\" cellpadding=\"1\">\n<tbody>\n<tr>\n<td>\n<h2>R\u00c9SULTATS DE HAUTE QUALIT\u00c9<\/h2>\n<div>Imprimez sans effort de superbes photos sans bordure finement d\u00e9taill\u00e9es (du format 10 x 15 cm \u00e0 A4) ainsi que des documents aux textes nets pour des r\u00e9sultats de haute qualit\u00e9.Laissez parler l&#8217;artiste qui est en vous avec\u00a0<strong>Creative Park<\/strong>\u00a0et l&#8217;\u00e9diteur\u00a0<strong>Easy PhotoPrint<\/strong>. Utilisez l&#8217;application pour r\u00e9aliser des cartes, des calendriers et bien plus encore \u00e0 partir des photos de votre tablette, de votre PC ou du Cloud.<\/p>\n<\/div>\n<\/td>\n<td width=\"450\"><img decoding=\"async\" src=\"https:\/\/media.ldlc.com\/bo\/images\/fiches\/scanner\/canon\/lide300\/lide300-1.jpg\" alt=\"\" \/><\/td>\n<\/tr>\n<\/tbody>\n<\/table>\n<p>&nbsp;<\/p>\n<table border=\"0\" width=\"100%\" cellspacing=\"1\" cellpadding=\"1\">\n<tbody>\n<tr>\n<td width=\"450\"><img decoding=\"async\" src=\"https:\/\/media.ldlc.com\/bo\/images\/fiches\/scanner\/canon\/lide300\/lide300-2.jpg\" alt=\"\" \/><\/td>\n<td>\n<h2>UTILISATION INTUITIVE<\/h2>\n<div>Profitez de la simplicit\u00e9 d&#8217;impression, de copie et de num\u00e9risation offerte \u00e0 l&#8217;aide de votre smartphone ou tablette, ou acc\u00e9dez directement au stockage Cloud via PIXMA Cloud Link : tout cela, gr\u00e2ce \u00e0 l&#8217;<strong>application Canon PRINT<\/strong>\u00a0!Imprimez et num\u00e9risez* des documents avec les services Cloud GoogleDrive, OneDrive et Dropbox. Vous pouvez \u00e9galement joindre et envoyer vos fichiers num\u00e9ris\u00e9s directement par courrier \u00e9lectronique sans passer par un ordinateur.<\/p>\n<p>*La num\u00e9risation vers le Cloud et la num\u00e9risation vers un e-mail sont uniquement disponibles pour les utilisateurs d&#8217;encres d&#8217;origine Canon.<\/p>\n<\/div>\n<\/td>\n<\/tr>\n<\/tbody>\n<\/table>\n<p>&nbsp;<\/p>\n<h4>CARACT\u00c9RISTIQUES PRINCIPALES Scanner \u00e0 plat Canon CanoScan LiDE 300 (2995C010AA)<\/h4>\n<h2><strong style=\"font-size: 16px;\">Scanner \u00e0 plat : 2400 x 4800 dpi\u00a0<\/strong><\/h2>\n<ul>\n<li>Id\u00e9al \u00e0 la maison ou au bureau<\/li>\n<li><strong>Num\u00e9risation vers le cloud<\/strong><\/li>\n<li>Taille de document max. : A4 \/ Lettre (216 x 297 mm)<\/li>\n<li>Auto Document Fix &amp; Auto Photo Fix<\/li>\n<li><strong>Touches EZ-Scan<\/strong>\u00a0: 4 boutons (PDF, AUTOSCAN [Num\u00e9risation automatique], COPY [Copie], SEND [Envoyer])<\/li>\n<li>Source lumineuse : Diode 3 couleurs (RVB)<\/li>\n<li>Interface :\u00a0<strong>USB 2.0 haute vitesse Mini-B<\/strong><\/li>\n<li>Vitesse de num\u00e9risation : 10 secondes<\/li>\n<li>Couvercle \u00e0 d\u00e9ploiement en Z<\/li>\n<li>Alimentation \u00e9lectrique : port USB<\/li>\n<li>Logiciels inclus : Scan Gear pour Windows \/ Scan Utility pour Windows<\/li>\n<li>Syst\u00e8me d&#8217;exploitation : Windows 10\/8.1\/7 SP1 \/ OS X 10.11.6, macOS 10.12 \u00e0 macOS 10.13<\/li>\n<li>Design sobre, compact et \u00e9l\u00e9gant<\/li>\n<li>Dimensions : 250 x 367 x 42 mm<\/li>\n<li>Poids : 1.7 kg<\/li>\n<\/ul>\n","protected":false},"excerpt":{"rendered":"<p>Scanner \u00e0 plat<br \/>\nR\u00e9solution optique maximale: 2400 \u00d7 4800 ppp<br \/>\nProfondeur: 48 bits en entr\u00e9e -&gt; 48\/24 bits en sortie &#8211; Niveaux de gris: 16 bits en entr\u00e9e -&gt; 8 bits en sortie<br \/>\nVitesse de num\u00e9risation chargeur auto: (A4, 300 ppp, couleur) : environ 10 s<br \/>\nTaille maximale de num\u00e9risation : A4 \/ Lettre \u00a0[216 \u00d7 297 mm] (scanner \u00e0 plat)<br \/>\nFormats accept\u00e9s: A4 \/ Lettre [216 \u00d7 297 mm]<br \/>\nConnectivit\u00e9: Hi-Speed USB 2.0 (mini-B port)<br \/>\nAlimentation par USB, ne n\u00e9cessite pas de prise \u00e9lectrique<\/p>\n","protected":false},"featured_media":9863,"comment_status":"open","ping_status":"closed","template":"","meta":{"_acf_changed":false,"_monsterinsights_skip_tracking":false,"_monsterinsights_sitenote_active":false,"_monsterinsights_sitenote_note":"","_monsterinsights_sitenote_category":0,"_uf_show_specific_survey":0,"_uf_disable_surveys":false,"_joinchat":[]},"product_brand":[],"product_cat":[15,254,294],"product_tag":[],"class_list":{"0":"post-9862","1":"product","2":"type-product","3":"status-publish","4":"has-post-thumbnail","6":"product_cat-imprimante-scanner","7":"product_cat-scanner","8":"product_cat-scanner-a-plat-sans-chargeur","10":"first","11":"instock","12":"sale","13":"shipping-taxable","14":"purchasable","15":"product-type-simple"},"acf":[],"jetpack_sharing_enabled":true,"_links":{"self":[{"href":"https:\/\/digistar.ma\/index.php?rest_route=\/wp\/v2\/product\/9862","targetHints":{"allow":["GET"]}}],"collection":[{"href":"https:\/\/digistar.ma\/index.php?rest_route=\/wp\/v2\/product"}],"about":[{"href":"https:\/\/digistar.ma\/index.php?rest_route=\/wp\/v2\/types\/product"}],"replies":[{"embeddable":true,"href":"https:\/\/digistar.ma\/index.php?rest_route=%2Fwp%2Fv2%2Fcomments&post=9862"}],"version-history":[{"count":2,"href":"https:\/\/digistar.ma\/index.php?rest_route=\/wp\/v2\/product\/9862\/revisions"}],"predecessor-version":[{"id":10821,"href":"https:\/\/digistar.ma\/index.php?rest_route=\/wp\/v2\/product\/9862\/revisions\/10821"}],"wp:featuredmedia":[{"embeddable":true,"href":"https:\/\/digistar.ma\/index.php?rest_route=\/wp\/v2\/media\/9863"}],"wp:attachment":[{"href":"https:\/\/digistar.ma\/index.php?rest_route=%2Fwp%2Fv2%2Fmedia&parent=9862"}],"wp:term":[{"taxonomy":"product_brand","embeddable":true,"href":"https:\/\/digistar.ma\/index.php?rest_route=%2Fwp%2Fv2%2Fproduct_brand&post=9862"},{"taxonomy":"product_cat","embeddable":true,"href":"https:\/\/digistar.ma\/index.php?rest_route=%2Fwp%2Fv2%2Fproduct_cat&post=9862"},{"taxonomy":"product_tag","embeddable":true,"href":"https:\/\/digistar.ma\/index.php?rest_route=%2Fwp%2Fv2%2Fproduct_tag&post=9862"}],"curies":[{"name":"wp","href":"https:\/\/api.w.org\/{rel}","templated":true}]}}