{"id":9869,"date":"2023-12-27T13:13:44","date_gmt":"2023-12-27T13:13:44","guid":{"rendered":"https:\/\/digistar.ma\/?post_type=product&#038;p=9869"},"modified":"2024-09-03T15:23:06","modified_gmt":"2024-09-03T15:23:06","slug":"scanner_epson_workforce_ds-1630_b11b239402","status":"publish","type":"product","link":"https:\/\/digistar.ma\/?product=scanner_epson_workforce_ds-1630_b11b239402","title":{"rendered":"Scanner Epson WorkForce DS-1630 (B11B239402)"},"content":{"rendered":"<p><strong>Scanner Epson WorkForce DS-1630 (B11B239402)<\/strong><\/p>\n<h4>Scanner A4 1200 dpi avec chargeur de document USB 3.0<\/h4>\n<p>En associant un scanner \u00e0 plat \u00e0 la commodit\u00e9 d\u2019un chargeur automatique de documents de 50\u00a0pages, l&#8217;<strong>Epson DS-1630<\/strong>\u00a0permet de num\u00e9riser une large gamme de documents difficiles, tels que livres, documents reli\u00e9s, livrets de famille, passeports et autres supports d\u00e9licats tout en num\u00e9risant rapidement et simplement des lots de documents de bureau. Son design compact facilite son installation dans les espaces de vente et les environnements recevant des clients, sans oublier les groupes de travail des services administratifs.<\/p>\n<table border=\"0\" width=\"100%\" cellspacing=\"1\" cellpadding=\"1\">\n<tbody>\n<tr>\n<td><strong><span style=\"color: #009dd3; font-size: large;\">Une efficacit\u00e9 accrue<\/span><\/strong><\/p>\n<div>Ce mod\u00e8le est l\u2019un des scanners les plus\u00a0<strong>rapides<\/strong>\u00a0de sa cat\u00e9gorie avec une vitesse de\u00a0<strong>num\u00e9risation de 25\u00a0ppm<\/strong>. La connectivit\u00e9 USB\u00a03.0 vous permet de garder une vitesse constante, m\u00eame lorsque vous num\u00e9risez avec une r\u00e9solution \u00e9lev\u00e9e de 300\u00a0dpi. Pour plus de praticit\u00e9, vous pouvez num\u00e9riser les deux c\u00f4t\u00e9s d\u2019une page gr\u00e2ce \u00e0 la fonctionnalit\u00e9 de num\u00e9risation\u00a0<strong>recto verso<\/strong>.<\/div>\n<\/td>\n<td width=\"450\"><img decoding=\"async\" src=\"https:\/\/media.ldlc.com\/bo\/images\/fiches\/scanner\/epson\/ds-1630\/1.jpg\" alt=\"\" \/><\/td>\n<\/tr>\n<\/tbody>\n<\/table>\n<p><strong><span style=\"color: #009dd3; font-size: large;\">Caract\u00e9ristiques principales Scanner Epson WorkForce DS-1630 (B11B239402)<\/span><\/strong><\/p>\n<ul>\n<li>Num\u00e9risation ultra rapide: Vitesse de num\u00e9risation jusqu\u2019\u00e0<strong>\u00a025\u00a0ppm<\/strong><\/li>\n<li>Formats\u00a0<strong>A4, A5, A6, B5, letter, letter legal<\/strong><\/li>\n<li>De nombreux formats de sortie : BMP, JPEG, TIFF, PDF<\/li>\n<li>jusqu&#8217;\u00e0 1500 pages par jour<\/li>\n<li>Compatible Windows et Mac<\/li>\n<\/ul>\n","protected":false},"excerpt":{"rendered":"<p>Scanner \u00e0 plat avec chargeur automatique de documents<br \/>\nRecto Verso Automatique<br \/>\nR\u00e9solution optique maximale: Jusqu&#8217;\u00e0 1.200 DPI (ppp) x 1.200 DPI (ppp) (horizontal x vertical)<br \/>\nProfondeur: Entr\u00e9e: 30 Bits Couleur \/ 10 Bits Monochrome , Sortie: 24 Bits Couleur \/ 8 Bits Monochrome<br \/>\nVitesse de num\u00e9risation chargeur auto: Monochrome : 25 pages\/min &#8211; Couleur : 25 pages\/min , r\u00e9solution : 200 \/ 300 dpi, Monochrome : 10 image\/min &#8211; Couleur : 10 image\/min , r\u00e9solution : 200 \/ 300 dpi<br \/>\nTaille maximale de num\u00e9risation : 216 x 297 mm (scanner \u00e0 plat) &#8211; 210 mm x 3.048 mm (horizontal x vertical) (chargeur auto)<br \/>\nFormats accept\u00e9s: A4, A5, A6, B5, Letter, Letter Legal<br \/>\nTaux d&#8217;utilisation: Jusqu&#8217;\u00e0 1500 pages\/jour<br \/>\nConnectivit\u00e9: USB 3.0<br \/>\nCapacit\u00e9 du bac d&#8217;alimentation automatique: 50 Feuilles<\/p>\n","protected":false},"featured_media":9870,"comment_status":"open","ping_status":"closed","template":"","meta":{"_acf_changed":false,"_monsterinsights_skip_tracking":false,"_monsterinsights_sitenote_active":false,"_monsterinsights_sitenote_note":"","_monsterinsights_sitenote_category":0,"_uf_show_specific_survey":0,"_uf_disable_surveys":false,"_joinchat":[]},"product_brand":[],"product_cat":[15,380,254,296],"product_tag":[],"class_list":{"0":"post-9869","1":"product","2":"type-product","3":"status-publish","4":"has-post-thumbnail","6":"product_cat-imprimante-scanner","7":"product_cat-epson","8":"product_cat-scanner","9":"product_cat-scanner-a-plat-avec-chargeur-automatique","11":"first","12":"instock","13":"sale","14":"shipping-taxable","15":"purchasable","16":"product-type-simple"},"acf":[],"jetpack_sharing_enabled":true,"_links":{"self":[{"href":"https:\/\/digistar.ma\/index.php?rest_route=\/wp\/v2\/product\/9869","targetHints":{"allow":["GET"]}}],"collection":[{"href":"https:\/\/digistar.ma\/index.php?rest_route=\/wp\/v2\/product"}],"about":[{"href":"https:\/\/digistar.ma\/index.php?rest_route=\/wp\/v2\/types\/product"}],"replies":[{"embeddable":true,"href":"https:\/\/digistar.ma\/index.php?rest_route=%2Fwp%2Fv2%2Fcomments&post=9869"}],"version-history":[{"count":2,"href":"https:\/\/digistar.ma\/index.php?rest_route=\/wp\/v2\/product\/9869\/revisions"}],"predecessor-version":[{"id":9875,"href":"https:\/\/digistar.ma\/index.php?rest_route=\/wp\/v2\/product\/9869\/revisions\/9875"}],"wp:featuredmedia":[{"embeddable":true,"href":"https:\/\/digistar.ma\/index.php?rest_route=\/wp\/v2\/media\/9870"}],"wp:attachment":[{"href":"https:\/\/digistar.ma\/index.php?rest_route=%2Fwp%2Fv2%2Fmedia&parent=9869"}],"wp:term":[{"taxonomy":"product_brand","embeddable":true,"href":"https:\/\/digistar.ma\/index.php?rest_route=%2Fwp%2Fv2%2Fproduct_brand&post=9869"},{"taxonomy":"product_cat","embeddable":true,"href":"https:\/\/digistar.ma\/index.php?rest_route=%2Fwp%2Fv2%2Fproduct_cat&post=9869"},{"taxonomy":"product_tag","embeddable":true,"href":"https:\/\/digistar.ma\/index.php?rest_route=%2Fwp%2Fv2%2Fproduct_tag&post=9869"}],"curies":[{"name":"wp","href":"https:\/\/api.w.org\/{rel}","templated":true}]}}