{"id":9877,"date":"2023-12-27T15:32:34","date_gmt":"2023-12-27T15:32:34","guid":{"rendered":"https:\/\/digistar.ma\/?post_type=product&#038;p=9877"},"modified":"2026-02-11T16:10:44","modified_gmt":"2026-02-11T16:10:44","slug":"scanner-mobile-a-plat-canon-canoscan-lide-400-2996c010aa","status":"publish","type":"product","link":"https:\/\/digistar.ma\/?product=scanner-mobile-a-plat-canon-canoscan-lide-400-2996c010aa","title":{"rendered":"Scanner mobile \u00e0 plat Canon CanoScan LiDE 400 (2996C010AA)"},"content":{"rendered":"<h4>Scanner mobile \u00e0 plat Canon CanoScan LiDE 400 (2996C010AA)<\/h4>\n<h4>LE SCANNER HAUT DE GAMME, RAPIDE ET STYL\u00c9\u00a0PAR CANON<\/h4>\n<p>Pour tous vos besoins de num\u00e9risation, le\u00a0<strong>CanoScan LiDE 400\u00a0<\/strong>est le scanner id\u00e9al ! A la fois compact, \u00e9l\u00e9gant et dot\u00e9 de multiples fonctionnalit\u00e9s, il trouve son utilit\u00e9 \u00e0 la maison comme au bureau en proposant des num\u00e9risations haute r\u00e9solution. Tr\u00e8s simple d&#8217;utilisation et intelligent, il vous permet d&#8217;optimiser vos investissements et de gagner en productivit\u00e9. Ce\u00a0<strong>scanner \u00e0 plat A4 Canon<\/strong>\u00a0est \u00e9galement \u00e9quip\u00e9 de 5 touches de fonctionnement EZ pour une utilisation facile et sans tracas de la num\u00e9risation.\u00a0L&#8217;option de stockage et de num\u00e9risation \u00e0 la verticale permet de ne pas encombrer l&#8217;espace, tandis que le design son raffin\u00e9 lui assure une int\u00e9gration parfaite au sein de chaque environnement.<\/p>\n<table border=\"0\" width=\"100%\" cellspacing=\"1\" cellpadding=\"1\">\n<tbody>\n<tr>\n<td>\n<h2>R\u00c9SULTATS DE HAUTE QUALIT\u00c9<\/h2>\n<div>\n<p>Cr\u00e9ez efficacement des\u00a0<strong>num\u00e9risations haute r\u00e9solution<\/strong>\u00a0(4800 x 4800 ppp) de vos photos ou documents en seulement 8 secondes, gr\u00e2ce \u00e0 la technologie LiDE de Canon.Produisez et obtenez des num\u00e9risations haute pr\u00e9cision d&#8217;une seule pression sur un bouton. Vous avez \u00e9galement la possibilit\u00e9 de num\u00e9riser vos documents volumineux (jusqu&#8217;\u00e0 21 mm d&#8217;\u00e9paisseur) habilement \u00e0 l&#8217;aide du\u00a0<strong>couvercle en \u00ab Z \u00bb \u00e0 double charni\u00e8re<\/strong>.<\/p>\n<\/div>\n<\/td>\n<td width=\"450\"><img decoding=\"async\" src=\"https:\/\/media.ldlc.com\/bo\/images\/fiches\/scanner\/canon\/lide400\/lide400-1.jpg\" alt=\"\" \/><\/td>\n<\/tr>\n<\/tbody>\n<\/table>\n<p>&nbsp;<\/p>\n<table border=\"0\" width=\"100%\" cellspacing=\"1\" cellpadding=\"1\">\n<tbody>\n<tr>\n<td width=\"450\"><img decoding=\"async\" src=\"https:\/\/media.ldlc.com\/bo\/images\/fiches\/scanner\/canon\/lide400\/lide400-2.jpg\" alt=\"\" \/><\/td>\n<td>\n<h2>UTILISATION INTUITIVE ET INTELLIGENTE<\/h2>\n<div>\n<p>Travaillez rapidement gr\u00e2ce aux\u00a0<strong>touches EZ<\/strong>\u00a0qui vous permettent d&#8217;acc\u00e9der instantan\u00e9ment \u00e0 diverses fonctionnalit\u00e9s, comme la num\u00e9risation automatique, la copie, l&#8217;envoi d&#8217;e-mails et la production de PDF, sans oublier la pr\u00e9sence d&#8217;une cinqui\u00e8me touche EZ suppl\u00e9mentaire pour r\u00e9aliser des PDF multipages.Num\u00e9risez vos documents en toute confiance gr\u00e2ce \u00e0 une\u00a0<strong>connexion pratique USB-C<\/strong>. Branchez-le tout simplement sur un PC ou un ordinateur portable, puis num\u00e9risez en quelques secondes sans d\u00e9pendre d&#8217;une prise secteur.<\/p>\n<\/div>\n<\/td>\n<\/tr>\n<\/tbody>\n<\/table>\n<p>&nbsp;<\/p>\n<h4>CARACT\u00c9RISTIQUES PRINCIPALES Scanner mobile \u00e0 plat Canon CanoScan LiDE 400 (2996C010AA)<\/h4>\n<ul>\n<li><strong>Scanner \u00e0 plat : 4800 x 4800 dpi\u00a0<\/strong><\/li>\n<li>Id\u00e9al \u00e0 la maison ou au bureau<\/li>\n<li><strong>Num\u00e9risation vers le cloud<\/strong><\/li>\n<li>Taille de document max. : A4 \/ Lettre (216 x 297 mm)<\/li>\n<li>Auto Document Fix &amp; Auto Photo Fix<\/li>\n<li><strong>Touches EZ-Scan<\/strong>\u00a0: 5 boutons (PDF x2, AUTOSCAN [Num\u00e9risation automatique], COPY [Copie], SEND [Envoyer])<\/li>\n<li>Source lumineuse : Diode 3 couleurs (RVB)<\/li>\n<li>Interface :\u00a0<strong>USB-C\u00a0<\/strong>(compatible USB 3.0 et 2.0)<\/li>\n<li>Vitesse de num\u00e9risation : 8 secondes<\/li>\n<li>Couvercle \u00e0 d\u00e9ploiement en Z \u00e0 double charni\u00e8re<\/li>\n<li>Alimentation par port USB<\/li>\n<li>Logiciels inclus : Scan Gear pour Windows \/ Scan Utility pour Windows<\/li>\n<li>Syst\u00e8me d&#8217;exploitation : Windows 10\/8.1\/7 SP1 \/ OS X 10.11.6, macOS 10.12 \u00e0 macOS 10.13<\/li>\n<li>Design sobre, compact et \u00e9l\u00e9gant<\/li>\n<li><strong>Option de stockage et de num\u00e9risation \u00e0 la verticale<\/strong><\/li>\n<li>Dimensions : 250 x 365 x 39 mm<\/li>\n<li>Poids : 1.7 kg<\/li>\n<\/ul>\n","protected":false},"excerpt":{"rendered":"<p>Scanner \u00e0 plat<br \/>\nR\u00e9solution optique maximale: 4800 \u00d7 4800 ppp<br \/>\nProfondeur: 48 bits en entr\u00e9e -&gt; 48\/24 bits en sortie &#8211; Niveaux de gris: 16 bits en entr\u00e9e -&gt; 8 bits en sortie<br \/>\nVitesse de num\u00e9risation chargeur auto: (A4, 300 ppp, couleur) : environ 8 s<br \/>\nTaille maximale de num\u00e9risation : A4 \/ Lettre [216 \u00d7 297 mm] (scanner \u00e0 plat)<br \/>\nFormats accept\u00e9s: A4 \/ Lettre [216 \u00d7 297 mm]<br \/>\nConnectivit\u00e9: Hi-Speed USB 2.0<br \/>\nAlimentation par USB, ne n\u00e9cessite pas de prise \u00e9lectrique<\/p>\n","protected":false},"featured_media":9879,"comment_status":"open","ping_status":"closed","template":"","meta":{"_acf_changed":false,"_monsterinsights_skip_tracking":false,"_monsterinsights_sitenote_active":false,"_monsterinsights_sitenote_note":"","_monsterinsights_sitenote_category":0,"_uf_show_specific_survey":0,"_uf_disable_surveys":false,"_joinchat":[]},"product_brand":[],"product_cat":[15,254,294],"product_tag":[],"class_list":{"0":"post-9877","1":"product","2":"type-product","3":"status-publish","4":"has-post-thumbnail","6":"product_cat-imprimante-scanner","7":"product_cat-scanner","8":"product_cat-scanner-a-plat-sans-chargeur","10":"first","11":"outofstock","12":"sale","13":"shipping-taxable","14":"purchasable","15":"product-type-simple"},"acf":[],"jetpack_sharing_enabled":true,"_links":{"self":[{"href":"https:\/\/digistar.ma\/index.php?rest_route=\/wp\/v2\/product\/9877","targetHints":{"allow":["GET"]}}],"collection":[{"href":"https:\/\/digistar.ma\/index.php?rest_route=\/wp\/v2\/product"}],"about":[{"href":"https:\/\/digistar.ma\/index.php?rest_route=\/wp\/v2\/types\/product"}],"replies":[{"embeddable":true,"href":"https:\/\/digistar.ma\/index.php?rest_route=%2Fwp%2Fv2%2Fcomments&post=9877"}],"version-history":[{"count":4,"href":"https:\/\/digistar.ma\/index.php?rest_route=\/wp\/v2\/product\/9877\/revisions"}],"predecessor-version":[{"id":9898,"href":"https:\/\/digistar.ma\/index.php?rest_route=\/wp\/v2\/product\/9877\/revisions\/9898"}],"wp:featuredmedia":[{"embeddable":true,"href":"https:\/\/digistar.ma\/index.php?rest_route=\/wp\/v2\/media\/9879"}],"wp:attachment":[{"href":"https:\/\/digistar.ma\/index.php?rest_route=%2Fwp%2Fv2%2Fmedia&parent=9877"}],"wp:term":[{"taxonomy":"product_brand","embeddable":true,"href":"https:\/\/digistar.ma\/index.php?rest_route=%2Fwp%2Fv2%2Fproduct_brand&post=9877"},{"taxonomy":"product_cat","embeddable":true,"href":"https:\/\/digistar.ma\/index.php?rest_route=%2Fwp%2Fv2%2Fproduct_cat&post=9877"},{"taxonomy":"product_tag","embeddable":true,"href":"https:\/\/digistar.ma\/index.php?rest_route=%2Fwp%2Fv2%2Fproduct_tag&post=9877"}],"curies":[{"name":"wp","href":"https:\/\/api.w.org\/{rel}","templated":true}]}}