{"id":9899,"date":"2023-12-27T17:25:37","date_gmt":"2023-12-27T17:25:37","guid":{"rendered":"https:\/\/digistar.ma\/?post_type=product&#038;p=9899"},"modified":"2023-12-28T10:37:31","modified_gmt":"2023-12-28T10:37:31","slug":"scanner-mobile-canon-imageformula-p-208ii","status":"publish","type":"product","link":"https:\/\/digistar.ma\/?product=scanner-mobile-canon-imageformula-p-208ii","title":{"rendered":"Scanner mobile Canon ImageFORMULA P-208II"},"content":{"rendered":"<h4>Scanner mobile Canon ImageFORMULA P-208II<\/h4>\n<h4 class=\"h2-master\">Le scanner portable pour le bureau, la maison et vos d\u00e9placements<\/h4>\n<section>Que vous soyez au bureau, \u00e0 domicile ou en d\u00e9placement, le\u00a0scanner P-208II\u00a0de\u00a0Canon\u00a0vous permet de num\u00e9riser simplement vos documents sans aucune installation pr\u00e9alable.<\/section>\n<section><\/section>\n<section>Ultra-compact, il num\u00e9rise les documents en recto verso \u00e0 la cadence impressionnante de 16\u00a0feuilles par minute. Le chargeur automatique de documents int\u00e9gr\u00e9 d&#8217;une capacit\u00e9 de 10\u00a0feuilles permet la num\u00e9risation par lots pour une productivit\u00e9 accrue, ce qui est parfait pour la num\u00e9risation de contrats et des documents associ\u00e9s.<\/section>\n<section><\/section>\n<section>Voyagez l\u00e9ger avec le P-208II, qui occupe \u00e0 peine plus de place qu&#8217;une r\u00e8gle et p\u00e8se seulement 600\u00a0g. Aliment\u00e9 directement par\u00a0USB, il vous aide \u00e0 maintenir une forte productivit\u00e9, que vous soyez chez vous ou en d\u00e9placement.<\/section>\n<section>\n<div class=\"desc-image\"><img decoding=\"async\" src=\"https:\/\/media.ldlc.com\/bo\/images\/fiches\/scanner\/canon\/p-208ii\/p-208ii_800_3.jpg\" alt=\"\" \/><\/div>\n<div class=\"desc-text\">\n<h2>NUM\u00c9RISATION EN TOUTE LIBERT\u00c9 ET RAPIDE<\/h2>\n<p>Pour \u00eatre libre de num\u00e9riser o\u00f9 que vous soyez, associez le P-208II \u00e0 l&#8217;unit\u00e9 de batterie et de connectivit\u00e9 Wi-Fi\u00a0WU10 (en option).<\/p>\n<p>Ainsi, vous pouvez num\u00e9riser des documents et les transf\u00e9rer sans fil directement sur votre smartphone, votre tablette ou votre ordinateur de bureau, ou encore partager le scanner avec un groupe d&#8217;utilisateurs ou d&#8217;appareils via un serveur r\u00e9seau ou un routeur particulier.<\/p>\n<p>La puissante application mobile CaptureOnTouch vous donne la possibilit\u00e9 de num\u00e9riser vos documents directement sur votre iPhone, iPad\u00a0ou p\u00e9riph\u00e9rique Android. Gagnez un temps pr\u00e9cieux gr\u00e2ce \u00e0 la fonction de num\u00e9risation de documents recto verso \u00e0 circuit unique. Cette application gratuite est disponible pour les p\u00e9riph\u00e9riques iOS et Android.<\/p>\n<\/div>\n<\/section>\n<section>\n<div class=\"desc-text\">\n<div class=\"desc-text\">\n<h2>GRANDE SIMPLICIT\u00c9 : CONNECTEZ, NUM\u00c9RISEZ<\/h2>\n<\/div>\n<p>\u00c9l\u00e9gant, compact et ultra-l\u00e9ger, le P-208II vous apporte le confort de la num\u00e9risation sans installation. Gr\u00e2ce au logiciel CaptureOnTouch Lite int\u00e9gr\u00e9, vous pouvez vous connecter et num\u00e9riser vos documents en toute simplicit\u00e9, sans avoir \u00e0 t\u00e9l\u00e9charger de logiciels ni de pilotes suppl\u00e9mentaires.<\/p>\n<p>Les fonctions de num\u00e9risation et une interface utilisateur optimis\u00e9e \u00e0 base d&#8217;ic\u00f4nes rendent la num\u00e9risation encore plus intuitive et conviviale. Les plug-ins pour SugarSync, OneDrive, Dropbox, Google Drive, Evernote et SharePoint vous permettent de travailler facilement avec vos logiciels pr\u00e9f\u00e9r\u00e9s.<\/p>\n<p>Le P-208II est dot\u00e9 d&#8217;une gamme de fonctionnalit\u00e9s de traitement d&#8217;image telles que la d\u00e9tection automatique des couleurs, la reconnaissance de l&#8217;orientation du texte et l&#8217;am\u00e9lioration du texte.<\/p>\n<p>Vous obtenez ainsi des images d&#8217;excellente qualit\u00e9 tout en gagnant un temps pr\u00e9cieux. Pour une num\u00e9risation pratique et intuitive, passez en mode enti\u00e8rement automatique. Ce mode permet d&#8217;appliquer automatiquement les param\u00e8tres les plus adapt\u00e9s \u00e0 votre document. Il ne reste plus qu&#8217;\u00e0 placer vos documents et \u00e0 lancer la num\u00e9risation\u00a0!<\/p>\n<p>.<\/p>\n<\/div>\n<div class=\"desc-image\"><img decoding=\"async\" src=\"https:\/\/media.ldlc.com\/bo\/images\/fiches\/scanner\/canon\/p-208ii\/p-208ii_800_2.jpg\" alt=\"\" \/><\/div>\n<\/section>\n<section>\n<div class=\"desc-image\"><img decoding=\"async\" src=\"https:\/\/media.ldlc.com\/bo\/images\/fiches\/scanner\/canon\/p-208ii\/p-208ii_800_1.jpg\" alt=\"\" \/><\/div>\n<div class=\"desc-text\">\n<h2>PRISE EN CHARGE DE NOMBREUX SUPPORTS<\/h2>\n<p>Le P-208II peut num\u00e9riser de tr\u00e8s nombreux types de supports, du format A4 aux documents de taille inhabituelle comme les cartes gaufr\u00e9es, ce qui le rend id\u00e9al pour les utilisateurs en d\u00e9placement. Organisez votre bureau \u00e0 la maison et lib\u00e9rez de l&#8217;espace en num\u00e9risant les factures du foyer.<\/p>\n<p>Conservez vos souvenirs en num\u00e9risant vos anciennes photos en qualit\u00e9 sup\u00e9rieure, \u00e0 l&#8217;aide d&#8217;une fonctionnalit\u00e9 d\u00e9di\u00e9e qui permet de reproduire les images le plus fid\u00e8lement possible.<\/p>\n<\/div>\n<\/section>\n<section class=\"list\">\n<h4>CARACT\u00c9RISTIQUES PRINCIPALES Scanner mobile Canon ImageFORMULA P-208II<\/h4>\n<ul>\n<li>Num\u00e9risation rapide aliment\u00e9e par USB jusqu&#8217;\u00e0 16 feuilles par minute<\/li>\n<li>Num\u00e9risation portable productive, avec chargeur automatique de documents 10 feuilles<\/li>\n<li>Mod\u00e8le ultra-compact et robuste pour une v\u00e9ritable mobilit\u00e9<\/li>\n<li>Logiciels polyvalents comprenant la num\u00e9risation vers les applications sur le Cloud<\/li>\n<li>Permet la num\u00e9risation de documents rigides au format carte bancaire<\/li>\n<li>Compatibilit\u00e9 Mac et Windows<\/li>\n<\/ul>\n<\/section>\n","protected":false},"excerpt":{"rendered":"<p>Scanner mobile<\/p>\n<p>Recto-Verso Automatique<\/p>\n<p>R\u00e9solution optique maximale: Jusqu&#8217;\u00e0 600 DPI (ppp)<br \/>\nProfondeur: niveaux de gris 8 bits (256 niveaux), couleur 24 bits &#8211; Niveaux de gris: 256<br \/>\nVitesse de num\u00e9risation chargeur auto: 8 ppm \/ 16 feuilles par minute<br \/>\nFormats accept\u00e9s: Jusqu&#8217;\u00e0 A4<br \/>\nTaux d&#8217;utilisation: Environ 100 num\u00e9risations par jour<br \/>\nConnectivit\u00e9: USB 2.0 haute vitesse<br \/>\nCapacit\u00e9 du bac d&#8217;alimentation automatique: 10 feuilles (64 g\/m\u00b2<\/p>\n","protected":false},"featured_media":9923,"comment_status":"open","ping_status":"closed","template":"","meta":{"_acf_changed":false,"_monsterinsights_skip_tracking":false,"_monsterinsights_sitenote_active":false,"_monsterinsights_sitenote_note":"","_monsterinsights_sitenote_category":0,"_uf_show_specific_survey":0,"_uf_disable_surveys":false,"_joinchat":[]},"product_brand":[],"product_cat":[15,254,295],"product_tag":[],"class_list":{"0":"post-9899","1":"product","2":"type-product","3":"status-publish","4":"has-post-thumbnail","6":"product_cat-imprimante-scanner","7":"product_cat-scanner","8":"product_cat-scanner-a-defilement","10":"first","11":"instock","12":"sale","13":"shipping-taxable","14":"purchasable","15":"product-type-simple"},"acf":[],"jetpack_sharing_enabled":true,"_links":{"self":[{"href":"https:\/\/digistar.ma\/index.php?rest_route=\/wp\/v2\/product\/9899","targetHints":{"allow":["GET"]}}],"collection":[{"href":"https:\/\/digistar.ma\/index.php?rest_route=\/wp\/v2\/product"}],"about":[{"href":"https:\/\/digistar.ma\/index.php?rest_route=\/wp\/v2\/types\/product"}],"replies":[{"embeddable":true,"href":"https:\/\/digistar.ma\/index.php?rest_route=%2Fwp%2Fv2%2Fcomments&post=9899"}],"version-history":[{"count":4,"href":"https:\/\/digistar.ma\/index.php?rest_route=\/wp\/v2\/product\/9899\/revisions"}],"predecessor-version":[{"id":9936,"href":"https:\/\/digistar.ma\/index.php?rest_route=\/wp\/v2\/product\/9899\/revisions\/9936"}],"wp:featuredmedia":[{"embeddable":true,"href":"https:\/\/digistar.ma\/index.php?rest_route=\/wp\/v2\/media\/9923"}],"wp:attachment":[{"href":"https:\/\/digistar.ma\/index.php?rest_route=%2Fwp%2Fv2%2Fmedia&parent=9899"}],"wp:term":[{"taxonomy":"product_brand","embeddable":true,"href":"https:\/\/digistar.ma\/index.php?rest_route=%2Fwp%2Fv2%2Fproduct_brand&post=9899"},{"taxonomy":"product_cat","embeddable":true,"href":"https:\/\/digistar.ma\/index.php?rest_route=%2Fwp%2Fv2%2Fproduct_cat&post=9899"},{"taxonomy":"product_tag","embeddable":true,"href":"https:\/\/digistar.ma\/index.php?rest_route=%2Fwp%2Fv2%2Fproduct_tag&post=9899"}],"curies":[{"name":"wp","href":"https:\/\/api.w.org\/{rel}","templated":true}]}}