{"id":9970,"date":"2023-12-29T19:40:26","date_gmt":"2023-12-29T19:40:26","guid":{"rendered":"https:\/\/digistar.ma\/?post_type=product&#038;p=9970"},"modified":"2023-12-29T19:45:52","modified_gmt":"2023-12-29T19:45:52","slug":"scanner-de-photos-et-documents-epson-perfection-v39ii","status":"publish","type":"product","link":"https:\/\/digistar.ma\/?product=scanner-de-photos-et-documents-epson-perfection-v39ii","title":{"rendered":"Scanner de photos et documents Epson Perfection V39II"},"content":{"rendered":"<h3>Scanner de photos et documents Epson Perfection V39II<\/h3>\n<p>L&#8217;<strong>Epson Perfection V39II<\/strong>\u00a0est un scanner aliment\u00e9 par USB, facile d\u2019utilisation. Il profite d&#8217;un nouveau design \u00e9pur\u00e9 et peu encombrant. Pour plus de flexibilit\u00e9, son socle int\u00e9gr\u00e9 permet de l\u2019utiliser verticalement et de gagner de la place sur le bureau.<\/p>\n<p>Avec une r\u00e9solution de 4800\u00a0dpi et une grande vitesse de num\u00e9risation, le V39II fournira des r\u00e9sultats de haute qualit\u00e9. En outre, stocker et partager ses photos et documents en ligne est tr\u00e8s facile gr\u00e2ce \u00e0 la num\u00e9risation vers le Cloud ou directe vers Facebook et Picasa.<\/p>\n<p><strong>Ultra-compact et discret :\u00a0<\/strong>La connectivit\u00e9 et l\u2019alimentation du V39II sont g\u00e9r\u00e9es via un simple<strong>\u00a0c\u00e2ble micro USB\u00a0<\/strong>permettant ainsi de lib\u00e9rer votre espace de travail des c\u00e2bles. L\u2019appareil dispose \u00e9galement d\u2019un<strong>\u00a0socle int\u00e9gr\u00e9<\/strong>\u00a0pour une num\u00e9risation flexible adapt\u00e9e \u00e0 votre bureau.<\/p>\n<p><strong>Des r\u00e9sultats rapides et de haute qualit\u00e9 :\u00a0<\/strong>Gr\u00e2ce \u00e0 la technologie\u00a0<strong>LED Epson ReadyScan<\/strong>, aucun temps de pr\u00e9chauffage n\u2019est requis, ce qui permet une num\u00e9risation instantan\u00e9e.<\/p>\n<p>Veillez \u00e0 ce que m\u00eame vos vieilles photos soient impeccables avec le\u00a0<strong>logiciel Epson Easy Photo Fix<\/strong>, qui am\u00e9liore la qualit\u00e9 de vos num\u00e9risations en supprimant la poussi\u00e8re, en ravivant les couleurs pass\u00e9es et en corrigeant les contre-jours.<\/p>\n<p>M\u00eame vos documents num\u00e9ris\u00e9s seront d\u2019une qualit\u00e9 exceptionnelle, puisque le V39II est dot\u00e9 de toute une plage de fonctionnalit\u00e9s d&#8217;am\u00e9lioration du texte pour\u00a0<strong>augmenter sa nettet\u00e9 et supprimer des effets de transparence non voulus<\/strong>\u00a0lors des num\u00e9risations de documents.<\/p>\n<p><strong>Le scanner \u00e9l\u00e9gant et surtout tr\u00e8s pratique :\u00a0<\/strong>Pour acc\u00e9l\u00e9rer et simplifier la num\u00e9risation, le\u00a0<strong>V39II<\/strong>\u00a0dispose de\u00a0<strong>quatre boutons simples<\/strong>\u00a0afin de permettre\u00a0<strong>la num\u00e9risation, la copie, le partage et la rotation<\/strong>\u00a0de vos photos et documents en fichiers PDF indexables de plusieurs pages d\u2019une simple pression sur un bouton.<\/p>\n<p>Gr\u00e2ce \u00e0 son capot enti\u00e8rement amovible, le Scanner de photos et documents Epson Perfection V39II \u00a0est parfait pour une num\u00e9risation facilit\u00e9e des livres \u00e9pais, des albums photos et de tout autre document reli\u00e9, offrant ainsi une plus grande flexibilit\u00e9.<\/p>\n<p>Gr\u00e2ce au logiciel intelligent, le V39II peut m\u00eame prendre en charge des<strong>\u00a0photos et documents plus grands<\/strong>. Pour ce faire, num\u00e9risez simplement la grande image en sections A4, puis joignez de mani\u00e8re transparente les sections afin de recr\u00e9er la totalit\u00e9 de l\u2019image.<\/p>\n<p>Num\u00e9risez directement vers des services de stockage du Cloud, tels que SugarSync et Evernote, et partagez facilement vos photos en famille et entre amis en num\u00e9risant directement vers Facebook et Picasa.<\/p>\n<h4><strong>Caract\u00e9ristiques <\/strong>Scanner de photos et documents Epson Perfection V39II<\/h4>\n<ul>\n<li><strong>Nouveau design \u00e9pur\u00e9 et peu encombrant<\/strong><\/li>\n<li><strong>Num\u00e9risation haute r\u00e9solution de 4800 dpi :<\/strong>\u00a0Obtenez des documents et des photos num\u00e9ris\u00e9s de haute qualit\u00e9<\/li>\n<li><strong>Alimentation et connectivit\u00e9 via micro USB :\u00a0<\/strong>Nul besoin d\u2019un adaptateur secteur ou de tout autre c\u00e2ble \u00e9lectrique individuel<\/li>\n<li><strong>Socle int\u00e9gr\u00e9 pour num\u00e9risation verticale :\u00a0<\/strong>Gagnez de l\u2019espace sur votre bureau ou comptoir<\/li>\n<li><strong>Quatre boutons simples :\u00a0<\/strong>Num\u00e9risation rapide pour des t\u00e2ches de num\u00e9risation ordinaires r\u00e9p\u00e9titives simplifi\u00e9es<\/li>\n<li><strong>Logiciel intelligent :<\/strong>\u00a0Garantissez des num\u00e9risations d\u2019une qualit\u00e9 exceptionnelle et stockez et partagez vos photos en ligne<\/li>\n<li><strong>Source de lumi\u00e8re :<\/strong>\u00a0DEL blanche<\/li>\n<li><strong>Syst\u00e8mes d\u2019exploitation compatibles :<\/strong>\u00a0Mac OS 10.7.x, Mac OS 10.8.x, Mac OS 10.9.x, Mac OS X 10.6.8, Windows 11, Windows 10, Windows 7, Windows 8, Windows 8.1, Windows Vista, Windows XP SP2 ou ult\u00e9rieure<\/li>\n<li><strong>Logiciels inclus :\u00a0<\/strong>ArcSoft Scan-n-Stitch Deluxe (Windows uniquement), Epson Copy Utility, Epson Document Capture (Mac uniquement), Epson Document Capture Pro, Epson Easy Photo Scan, Epson Scan<\/li>\n<\/ul>\n","protected":false},"excerpt":{"rendered":"<p>Scanner \u00e0 plat<br \/>\nRecto-verso manuelle<br \/>\nR\u00e9solution optique maximale: 4.800 DPI (ppp) x 4.800 DPI (ppp) (horizontal x vertical)<br \/>\nProfondeur: Entr\u00e9e: 48 Bits Couleur , Sortie: 24 Bits Couleur<br \/>\nTaille maximale de num\u00e9risation : 216 mm x 297 mm (scanner \u00e0 plat)<br \/>\nFormats accept\u00e9s: A4, Lettre Legal<br \/>\nConnectivit\u00e9: Micro-AB USB 2.0 Hi-Speed<\/p>\n","protected":false},"featured_media":10005,"comment_status":"open","ping_status":"closed","template":"","meta":{"_acf_changed":false,"_monsterinsights_skip_tracking":false,"_monsterinsights_sitenote_active":false,"_monsterinsights_sitenote_note":"","_monsterinsights_sitenote_category":0,"_uf_show_specific_survey":0,"_uf_disable_surveys":false,"_joinchat":[]},"product_brand":[],"product_cat":[15,380,254,294],"product_tag":[],"class_list":{"0":"post-9970","1":"product","2":"type-product","3":"status-publish","4":"has-post-thumbnail","6":"product_cat-imprimante-scanner","7":"product_cat-epson","8":"product_cat-scanner","9":"product_cat-scanner-a-plat-sans-chargeur","11":"first","12":"instock","13":"sale","14":"shipping-taxable","15":"purchasable","16":"product-type-simple"},"acf":[],"jetpack_sharing_enabled":true,"_links":{"self":[{"href":"https:\/\/digistar.ma\/index.php?rest_route=\/wp\/v2\/product\/9970","targetHints":{"allow":["GET"]}}],"collection":[{"href":"https:\/\/digistar.ma\/index.php?rest_route=\/wp\/v2\/product"}],"about":[{"href":"https:\/\/digistar.ma\/index.php?rest_route=\/wp\/v2\/types\/product"}],"replies":[{"embeddable":true,"href":"https:\/\/digistar.ma\/index.php?rest_route=%2Fwp%2Fv2%2Fcomments&post=9970"}],"version-history":[{"count":4,"href":"https:\/\/digistar.ma\/index.php?rest_route=\/wp\/v2\/product\/9970\/revisions"}],"predecessor-version":[{"id":10012,"href":"https:\/\/digistar.ma\/index.php?rest_route=\/wp\/v2\/product\/9970\/revisions\/10012"}],"wp:featuredmedia":[{"embeddable":true,"href":"https:\/\/digistar.ma\/index.php?rest_route=\/wp\/v2\/media\/10005"}],"wp:attachment":[{"href":"https:\/\/digistar.ma\/index.php?rest_route=%2Fwp%2Fv2%2Fmedia&parent=9970"}],"wp:term":[{"taxonomy":"product_brand","embeddable":true,"href":"https:\/\/digistar.ma\/index.php?rest_route=%2Fwp%2Fv2%2Fproduct_brand&post=9970"},{"taxonomy":"product_cat","embeddable":true,"href":"https:\/\/digistar.ma\/index.php?rest_route=%2Fwp%2Fv2%2Fproduct_cat&post=9970"},{"taxonomy":"product_tag","embeddable":true,"href":"https:\/\/digistar.ma\/index.php?rest_route=%2Fwp%2Fv2%2Fproduct_tag&post=9970"}],"curies":[{"name":"wp","href":"https:\/\/api.w.org\/{rel}","templated":true}]}}